{"id":134,"date":"2006-07-07T10:31:15","date_gmt":"2006-07-07T08:31:15","guid":{"rendered":"http:\/\/www.reha-psychologie.net\/reha\/?page_id=134"},"modified":"2015-10-04T10:48:24","modified_gmt":"2015-10-04T08:48:24","slug":"ak-reha","status":"publish","type":"page","link":"https:\/\/www.psychologie-aktuell.info\/reha\/ak-reha\/","title":{"rendered":"Arbeitskreis Reha"},"content":{"rendered":"<p><strong>Arbeitskreis Klinische Psychologie in der Rehabilitation <\/strong><br \/>\nFachgruppe der Sektion Klinische Psychologie<br \/>\nBerufsverband Deutscher Psychologinnen und Psychologen (BDP)<\/p>\n<p>Seit ca. 35 Jahren sind Psychologinnen und Psychologen in medizinischen Rehabilitationskliniken t\u00e4tig. Inzwischen arbeiten rund 3600 PsychologInnen in der Rehabilitation &#8211; doch leider immer noch einige als &#8222;Einzelk\u00e4mpfer\/innen&#8220;. Aus dem Bed\u00fcrfnis nach fachlich kompetentem Austausch, menschlich kollegialer N\u00e4he und berufspolitischen Notwendigkeiten wurde 1980 der Arbeitskreis &#8222;Klinische Psychologen in Kurkliniken&#8220; gegr\u00fcndet, der sich sp\u00e4ter der Sektion Klinische Psychologie im Berufsverband Deutscher Psychologinnen und Psychologen assoziierte.<\/p>\n<p>Heute sind in dem Arbeitskreis vor allem PsychologInnen aus Rehabilitationskliniken organisiert, aber auch Kolleginnen und Kollegen aus Verb\u00e4nden, von Kostentr\u00e4gern oder Universit\u00e4ten, die im Bereich der Rehabilitation arbeiten. Von daher tr\u00e4gt der Arbeitskreis heute den Namen &#8222;Arbeitskreis Klinische Psychologie in der Rehabilitation&#8220; und ist eine Fachgruppe der Sektion Klinische Psychologie im Berufsverband Deutscher Psychologinnen und Psychologen (BDP).<\/p>\n<p>Der Arbeitskreis versteht sich einerseits als Ort f\u00fcr den Austausch und die fachliche Unterst\u00fctzung von KollegInnen, die im gleichen T\u00e4tigkeitsfeld und tagt\u00e4glich mit \u00e4hnlichen Problemen und Herausforderungen besch\u00e4ftigt sind, andererseits aber auch als Interessenvertretung bzw. als Initiativorgan, die Anliegen der Klinischen Psychologie in der Rehabilitation nach au\u00dfen hin darzustellen.<\/p>\n<p><strong>Kontakt<br \/>\n<\/strong>Andigoni Mariolakou<br \/>\n&#8211; Sprecherin der AK-Leitung &#8211;<br \/>\nKlinik K\u00f6nigsfeld<br \/>\nHolthauser Talstr. 2<br \/>\n58256 Ennepetal<br \/>\nTelefon: 02333-9888-432<br \/>\nE-mail: andigoni.mariolakou@drv-westfalen.de<\/p>\n","protected":false},"excerpt":{"rendered":"<p>Arbeitskreis Klinische Psychologie in der Rehabilitation Fachgruppe der Sektion Klinische Psychologie Berufsverband Deutscher Psychologinnen und Psychologen (BDP) Seit ca. 35 Jahren sind Psychologinnen und Psychologen in medizinischen Rehabilitationskliniken t\u00e4tig. Inzwischen arbeiten rund 3600 PsychologInnen in der Rehabilitation &#8211; doch leider &hellip; <a href=\"https:\/\/www.psychologie-aktuell.info\/reha\/ak-reha\/\">Weiterlesen <span class=\"meta-nav\">&rarr;<\/span><\/a><\/p>\n","protected":false},"author":1,"featured_media":0,"parent":0,"menu_order":14,"comment_status":"closed","ping_status":"closed","template":"","meta":{"footnotes":""},"class_list":["post-134","page","type-page","status-publish","hentry"],"jetpack_shortlink":"https:\/\/wp.me\/P1fMVY-2a","jetpack_sharing_enabled":true,"_links":{"self":[{"href":"https:\/\/www.psychologie-aktuell.info\/reha\/wp-json\/wp\/v2\/pages\/134","targetHints":{"allow":["GET"]}}],"collection":[{"href":"https:\/\/www.psychologie-aktuell.info\/reha\/wp-json\/wp\/v2\/pages"}],"about":[{"href":"https:\/\/www.psychologie-aktuell.info\/reha\/wp-json\/wp\/v2\/types\/page"}],"author":[{"embeddable":true,"href":"https:\/\/www.psychologie-aktuell.info\/reha\/wp-json\/wp\/v2\/users\/1"}],"replies":[{"embeddable":true,"href":"https:\/\/www.psychologie-aktuell.info\/reha\/wp-json\/wp\/v2\/comments?post=134"}],"version-history":[{"count":3,"href":"https:\/\/www.psychologie-aktuell.info\/reha\/wp-json\/wp\/v2\/pages\/134\/revisions"}],"predecessor-version":[{"id":10058,"href":"https:\/\/www.psychologie-aktuell.info\/reha\/wp-json\/wp\/v2\/pages\/134\/revisions\/10058"}],"wp:attachment":[{"href":"https:\/\/www.psychologie-aktuell.info\/reha\/wp-json\/wp\/v2\/media?parent=134"}],"curies":[{"name":"wp","href":"https:\/\/api.w.org\/{rel}","templated":true}]}}