{"id":14242,"date":"2019-02-28T21:22:20","date_gmt":"2019-02-28T20:22:20","guid":{"rendered":"https:\/\/www.psychologie-aktuell.info\/reha\/?page_id=14242"},"modified":"2019-02-28T21:54:39","modified_gmt":"2019-02-28T20:54:39","slug":"stellenanzeige-aufgeben","status":"publish","type":"page","link":"https:\/\/www.psychologie-aktuell.info\/reha\/stellenangebote\/stellenanzeige-aufgeben\/","title":{"rendered":"Stellenanzeige aufgeben"},"content":{"rendered":"<h2>Sie m\u00f6chten eine Stellenanzeige aufgeben?<\/h2>\n<p><strong>Anzeigetext:<\/strong><br \/>\nSie gestalten die Anzeige und senden mir den Text (bevorzugt im pdf- oder doc-Format) per E-Mail zu: info@psychologie-aktuell.info<\/p>\n<p>Auf der Nachrichtenseite (Startseite) und auf der Seite &#8222;Stellenangebote&#8220; wird ein gek\u00fcrzter Text der Anzeige (Auszug) ver\u00f6ffentlicht, der einen Link zum Download der kompletten Anzeige enth\u00e4lt. Im Regelfall \u00fcbernehme ich die K\u00fcrzung, Sie k\u00f6nnen mir aber auch gerne zus\u00e4tzlich einen Vorschlag f\u00fcr die gek\u00fcrzte Version zusenden.<\/p>\n<p><strong>Sie sind f\u00fcr die Gestaltung und den Text der Anzeige veranwortlich.<\/strong><\/p>\n<p>Eine Verpflichtung zur Ver\u00f6ffentlichung der Anzeige besteht nicht. Der Betreiber der Webseite beh\u00e4lt sich ausdr\u00fccklich vor, eingegangene Anzeigen nicht zu ver\u00f6ffentlichen.<\/p>\n<p><strong>Leistung:<\/strong><br \/>\nDie Anzeige wird baldm\u00f6glichst auf die Seite www.psychologie-aktuell.info online gestellt und bleibt mindestens 3 Monate online. Nach Ablauf dieser Zeit wird sie vom Betreiber der Webseite ohne weitere Nachricht gel\u00f6scht.<br \/>\nEine Verl\u00e4ngerung der Anzeigedauer ist m\u00f6glich, erfolgt aber nur nach gesonderter Absprache.<br \/>\nDie Anzeige wird gleichzeitig im Newsletter der Webseite ver\u00f6ffentlicht. Der Newsletter erscheint unregelm\u00e4\u00dfig, ein bestimmtes Datum der Ver\u00f6ffentlichung kann nicht genannt werden.<\/p>\n<p><strong>Kosten:<\/strong><br \/>\nStellenanzeigen werden derzeit kostenlos ver\u00f6ffentlicht.<\/p>\n<p>Letzte Aktualisierung: 28.02.2019<\/p>\n","protected":false},"excerpt":{"rendered":"<p>Sie m\u00f6chten eine Stellenanzeige aufgeben? Anzeigetext: Sie gestalten die Anzeige und senden mir den Text (bevorzugt im pdf- oder doc-Format) per E-Mail zu: info@psychologie-aktuell.info Auf der Nachrichtenseite (Startseite) und auf der Seite &#8222;Stellenangebote&#8220; wird ein gek\u00fcrzter Text der Anzeige (Auszug) &hellip; <a href=\"https:\/\/www.psychologie-aktuell.info\/reha\/stellenangebote\/stellenanzeige-aufgeben\/\">Weiterlesen <span class=\"meta-nav\">&rarr;<\/span><\/a><\/p>\n","protected":false},"author":1,"featured_media":0,"parent":3046,"menu_order":0,"comment_status":"closed","ping_status":"closed","template":"","meta":{"footnotes":""},"class_list":["post-14242","page","type-page","status-publish","hentry"],"jetpack_shortlink":"https:\/\/wp.me\/P1fMVY-3HI","jetpack_sharing_enabled":true,"_links":{"self":[{"href":"https:\/\/www.psychologie-aktuell.info\/reha\/wp-json\/wp\/v2\/pages\/14242","targetHints":{"allow":["GET"]}}],"collection":[{"href":"https:\/\/www.psychologie-aktuell.info\/reha\/wp-json\/wp\/v2\/pages"}],"about":[{"href":"https:\/\/www.psychologie-aktuell.info\/reha\/wp-json\/wp\/v2\/types\/page"}],"author":[{"embeddable":true,"href":"https:\/\/www.psychologie-aktuell.info\/reha\/wp-json\/wp\/v2\/users\/1"}],"replies":[{"embeddable":true,"href":"https:\/\/www.psychologie-aktuell.info\/reha\/wp-json\/wp\/v2\/comments?post=14242"}],"version-history":[{"count":4,"href":"https:\/\/www.psychologie-aktuell.info\/reha\/wp-json\/wp\/v2\/pages\/14242\/revisions"}],"predecessor-version":[{"id":14260,"href":"https:\/\/www.psychologie-aktuell.info\/reha\/wp-json\/wp\/v2\/pages\/14242\/revisions\/14260"}],"up":[{"embeddable":true,"href":"https:\/\/www.psychologie-aktuell.info\/reha\/wp-json\/wp\/v2\/pages\/3046"}],"wp:attachment":[{"href":"https:\/\/www.psychologie-aktuell.info\/reha\/wp-json\/wp\/v2\/media?parent=14242"}],"curies":[{"name":"wp","href":"https:\/\/api.w.org\/{rel}","templated":true}]}}