{"id":1460,"date":"2010-05-21T17:07:58","date_gmt":"2010-05-21T15:07:58","guid":{"rendered":"http:\/\/www.reha-psychologie.net\/reha\/?page_id=1460"},"modified":"2014-05-20T22:27:47","modified_gmt":"2014-05-20T20:27:47","slug":"jahrestagung","status":"publish","type":"page","link":"https:\/\/www.psychologie-aktuell.info\/reha\/ak-reha\/jahrestagungen\/jahrestagung\/","title":{"rendered":"JT 2010"},"content":{"rendered":"<p>Die 29. Jahrestagung fand unter dem Tagungsthema<\/p>\n<h3 style=\"text-align: center;\">Trends in der medizinischen Rehabilitation<\/h3>\n<h3 style=\"text-align: center;\">vom 29. &#8211; 31. Oktober 2010<\/h3>\n<p>in Berlin\/Erkner statt.<\/p>\n<ul>\n<li><strong><a href=\"https:\/\/www.psychologie-aktuell.info\/reha\/wp-content\/uploads\/2010\/05\/Programm-JT-2010-A4-Endversion.pdf\">Programmflyer 2010<\/a><\/strong><\/li>\n<li><strong><a href=\"https:\/\/www.psychologie-aktuell.info\/reha\/wp-content\/uploads\/2010\/05\/WS-Beschreibungen-2010-Endversion.pdf\">Kurzbeschreibung der Workshops<\/a><\/strong><\/li>\n<\/ul>\n<p>Berichte \u00fcber die Tagung<br \/>\n<strong>[download id=&#8220;12990&#8243;]<\/strong><\/p>\n<p><strong><a href=\"http:\/\/www.dgvt.de\/1855.html?&amp;L=hodplgvd&amp;tx_ttnews[pointer]=1&amp;tx_ttnews[year]=2010&amp;tx_ttnews[month]=11&amp;tx_ttnews[day]=23&amp;tx_ttnews[tt_news]=2465&amp;tx_ttnews[backPid]=1855&amp;cHash=2d6058c1bb\" target=\"_blank\">VPP-Rosa Beilage 4\/2010<\/a><\/strong><\/p>\n<p>Von einigen Referenten haben wir die Genehmigung erhalten, die Vortragsfolien zum Download anzubieten. Gerne stellen wir AK-Mitgliedern\/TagungsteilnehmerInnen (bitte zum Download anmelden) die Dateien im Folgenden bereit. In Klammern ist die jeweilige Dateigr\u00f6\u00dfe angegeben:<\/p>\n<p><strong>[download id=&#8220;12960&#8243;]<\/strong> (0,2 MB)<br \/>\nDr. Rolf Buschmann-Steinhage,\u00a0 Deutsche Rentenversicherung Bund, Berlin<\/p>\n<p><strong>[download id=&#8220;12964&#8243;]<\/strong> (0,3 MB)<br \/>\nDr. Veronika Str\u00f6bl &amp; Prof. Dr. Dr. Hermann Faller, Universit\u00e4t W\u00fcrzburg<\/p>\n<p><strong>[download id=&#8220;12958&#8243;] <\/strong>(1,7 MB)<br \/>\nProf. Dr. Sonia Lippke, Universit\u00e4t Maastricht<\/p>\n<p><strong>[download id=&#8220;12966&#8243;]<\/strong> (0,6 MB)<br \/>\nSusanne Bartel, Enno Nowossadeck &amp; Dr. Karla Spyra, Charit\u00e9 &#8211; Universit\u00e4tsmedizin Berlin<\/p>\n<p><strong>[download id=&#8220;12978&#8243;] <\/strong>(0,2 MB)<br \/>\nDr. Ulrike Worringen, Deutsche Rentenversicherung Bund<\/p>\n","protected":false},"excerpt":{"rendered":"<p>Die 29. Jahrestagung fand unter dem Tagungsthema Trends in der medizinischen Rehabilitation vom 29. &#8211; 31. Oktober 2010 in Berlin\/Erkner statt. Programmflyer 2010 Kurzbeschreibung der Workshops Berichte \u00fcber die Tagung [download id=&#8220;12990&#8243;] VPP-Rosa Beilage 4\/2010 Von einigen Referenten haben wir &hellip; <a href=\"https:\/\/www.psychologie-aktuell.info\/reha\/ak-reha\/jahrestagungen\/jahrestagung\/\">Weiterlesen <span class=\"meta-nav\">&rarr;<\/span><\/a><\/p>\n","protected":false},"author":1,"featured_media":0,"parent":2688,"menu_order":35,"comment_status":"closed","ping_status":"closed","template":"","meta":{"footnotes":""},"class_list":["post-1460","page","type-page","status-publish","hentry"],"jetpack_shortlink":"https:\/\/wp.me\/P1fMVY-ny","jetpack_sharing_enabled":true,"_links":{"self":[{"href":"https:\/\/www.psychologie-aktuell.info\/reha\/wp-json\/wp\/v2\/pages\/1460","targetHints":{"allow":["GET"]}}],"collection":[{"href":"https:\/\/www.psychologie-aktuell.info\/reha\/wp-json\/wp\/v2\/pages"}],"about":[{"href":"https:\/\/www.psychologie-aktuell.info\/reha\/wp-json\/wp\/v2\/types\/page"}],"author":[{"embeddable":true,"href":"https:\/\/www.psychologie-aktuell.info\/reha\/wp-json\/wp\/v2\/users\/1"}],"replies":[{"embeddable":true,"href":"https:\/\/www.psychologie-aktuell.info\/reha\/wp-json\/wp\/v2\/comments?post=1460"}],"version-history":[{"count":7,"href":"https:\/\/www.psychologie-aktuell.info\/reha\/wp-json\/wp\/v2\/pages\/1460\/revisions"}],"predecessor-version":[{"id":3084,"href":"https:\/\/www.psychologie-aktuell.info\/reha\/wp-json\/wp\/v2\/pages\/1460\/revisions\/3084"}],"up":[{"embeddable":true,"href":"https:\/\/www.psychologie-aktuell.info\/reha\/wp-json\/wp\/v2\/pages\/2688"}],"wp:attachment":[{"href":"https:\/\/www.psychologie-aktuell.info\/reha\/wp-json\/wp\/v2\/media?parent=1460"}],"curies":[{"name":"wp","href":"https:\/\/api.w.org\/{rel}","templated":true}]}}