{"id":1670,"date":"2010-06-01T19:43:17","date_gmt":"2010-06-01T17:43:17","guid":{"rendered":"http:\/\/www.psychologie-aktuell.info\/reha\/?page_id=1670"},"modified":"2014-05-20T22:23:26","modified_gmt":"2014-05-20T20:23:26","slug":"witze","status":"publish","type":"page","link":"https:\/\/www.psychologie-aktuell.info\/reha\/service\/witze\/","title":{"rendered":"Witze"},"content":{"rendered":"<p><code>[aartikel]<\/code>3596104394<code>:right[\/aartikel]<\/code><\/p>\n<h2>Ein Tag, an dem man nicht lacht, ist ein verlorener Tag.<\/h2>\n<p>Charlie Chaplin<br \/>\n1889\u00a0 &#8211; 1977<br \/>\nbritischer Komiker, Schauspieler, Regisseur, Komponist\u00a0 und Produzent<\/p>\n<h2>Der Witz setzt immer ein Publikum voraus. Darum kann man den Witz auch nicht bei sich behalten. F\u00fcr sich allein ist man nicht witzig.<\/h2>\n<p>Johann Wolfgang von Goethe<br \/>\n1749 &#8211; 1832<br \/>\ndt. Schriftsteller<\/p>\n<h2>Es ist unm\u00f6glich, witzig\u00a0 zu sein ohne ein bisschen Bosheit. Die Bosheit eines guten Witzes ist der Widerhaken, der ihn haften l\u00e4sst.<\/h2>\n<p>Richard Brinsley Sheridan<br \/>\n1751 \u2013 1816<br \/>\nIrischer Poet<\/p>\n<h2>Es ist gef\u00e4hrlich, \u00fcber einen Witz zu lachen. Man bekommt ihn dann immer wieder zu h\u00f6ren.<\/h2>\n<p>Danny Kaye<br \/>\n1913 &#8211; 1987<br \/>\nUS-amerikanischer Schauspieler<\/p>\n<h2>Was man ernst meint, sagt man am besten im Spa\u00df.<\/h2>\n<p>Wilhelm Busch<br \/>\n1897 &#8211; 1966<br \/>\ndeutscher Schriftsteller, evangelischer Pfarrer und Prediger<\/p>\n<p>Quelle: <a href=\"http:\/\/zitate.net\/zitate\/witze\/zitate.html\" target=\"_blank\">Zitate.net <\/a><\/p>\n","protected":false},"excerpt":{"rendered":"<p>[aartikel]3596104394:right[\/aartikel] Ein Tag, an dem man nicht lacht, ist ein verlorener Tag. Charlie Chaplin 1889\u00a0 &#8211; 1977 britischer Komiker, Schauspieler, Regisseur, Komponist\u00a0 und Produzent Der Witz setzt immer ein Publikum voraus. Darum kann man den Witz auch nicht bei sich &hellip; <a href=\"https:\/\/www.psychologie-aktuell.info\/reha\/service\/witze\/\">Weiterlesen <span class=\"meta-nav\">&rarr;<\/span><\/a><\/p>\n","protected":false},"author":1,"featured_media":0,"parent":1661,"menu_order":140,"comment_status":"closed","ping_status":"closed","template":"","meta":{"footnotes":""},"class_list":["post-1670","page","type-page","status-publish","hentry"],"jetpack_shortlink":"https:\/\/wp.me\/P1fMVY-qW","jetpack_sharing_enabled":true,"_links":{"self":[{"href":"https:\/\/www.psychologie-aktuell.info\/reha\/wp-json\/wp\/v2\/pages\/1670","targetHints":{"allow":["GET"]}}],"collection":[{"href":"https:\/\/www.psychologie-aktuell.info\/reha\/wp-json\/wp\/v2\/pages"}],"about":[{"href":"https:\/\/www.psychologie-aktuell.info\/reha\/wp-json\/wp\/v2\/types\/page"}],"author":[{"embeddable":true,"href":"https:\/\/www.psychologie-aktuell.info\/reha\/wp-json\/wp\/v2\/users\/1"}],"replies":[{"embeddable":true,"href":"https:\/\/www.psychologie-aktuell.info\/reha\/wp-json\/wp\/v2\/comments?post=1670"}],"version-history":[{"count":3,"href":"https:\/\/www.psychologie-aktuell.info\/reha\/wp-json\/wp\/v2\/pages\/1670\/revisions"}],"predecessor-version":[{"id":1850,"href":"https:\/\/www.psychologie-aktuell.info\/reha\/wp-json\/wp\/v2\/pages\/1670\/revisions\/1850"}],"up":[{"embeddable":true,"href":"https:\/\/www.psychologie-aktuell.info\/reha\/wp-json\/wp\/v2\/pages\/1661"}],"wp:attachment":[{"href":"https:\/\/www.psychologie-aktuell.info\/reha\/wp-json\/wp\/v2\/media?parent=1670"}],"curies":[{"name":"wp","href":"https:\/\/api.w.org\/{rel}","templated":true}]}}