{"id":1672,"date":"2010-06-02T00:39:22","date_gmt":"2010-06-01T22:39:22","guid":{"rendered":"http:\/\/www.psychologie-aktuell.info\/reha\/?page_id=1672"},"modified":"2014-05-20T22:21:47","modified_gmt":"2014-05-20T20:21:47","slug":"angestellt","status":"publish","type":"page","link":"https:\/\/www.psychologie-aktuell.info\/reha\/service\/angestellt\/","title":{"rendered":"Angestellt"},"content":{"rendered":"<h2>T\u00e4tigkeitsfeldbeschreibung (Stand 2010)<\/h2>\n<p>[download id=&#8220;12962&#8243;]<\/p>\n<h2>Muster-Stellenbeschreibungen<\/h2>\n<p><a href=\"https:\/\/www.psychologie-aktuell.info\/reha\/wp-content\/uploads\/2010\/06\/stellenbeschreibung_dp_reha.pdf\">Diplom-Psychologe\/in in der somatischen Rehabilitation<\/a><\/p>\n<p><a href=\"https:\/\/www.psychologie-aktuell.info\/reha\/wp-content\/uploads\/2010\/06\/stellenbeschreibung_ltd_pp_reha.pdf\">Ltd. Psychologe\/in in der somatischen Rehabilitation<\/a><\/p>\n<h2>TV\u00f6D &#8211; Tarifvertrag f\u00fcr den \u00f6ffentlichen Dienst<\/h2>\n<p><a href=\"http:\/\/tarif-oed.verdi.de\/tarifvertraege\/tvoed\" target=\"_blank\">Aktuelle Entgelttabellen (Bund, VKA) bei ver.di<\/a> (ohne Tarifvertrag)<\/p>\n<p><a href=\"http:\/\/www.gew.de\/Publikationen_TVoeD.html#Section25033\" target=\"_blank\">Publikationen zum TV\u00f6D (Entgelttabellen, Tarifvertrag, \u00dcberleitungsvertrag) bei der GEW<\/a><\/p>\n<p><a href=\"http:\/\/www.dgvt.de\/fileadmin\/user_upload\/Dokumente\/Rosa_Beilage\/RosaBeilage_1_06_Stand_31.01.06.pdf\" target=\"_blank\">Der neue Tarifvertrag f\u00fcr den \u00f6ffentlichen Dienst (TV\u00f6D) Dielmann &#8211; &#8218;Rosa Beilage&#8216; zur VPP 1\/2006<\/a><\/p>\n<p><a href=\"https:\/\/tarif-oed.verdi.de\/tarifvertraege\" target=\"_blank\">TV\u00f6D &#8211; Informationen zu den Tarifvertr\u00e4gen &#8211; ver.di <\/a><\/p>\n<h2>Weitere Tarifvertr\u00e4ge<\/h2>\n<p><a href=\"http:\/\/www.schiering.org\/arhilfen\/gesetz\/avr\/avr.htm\" target=\"_blank\">Richtlinien f\u00fcr Arbeitsvertr\u00e4ge in den Einrichtungen des <strong>Deutschen Caritasverbandes (AVR)<\/strong><\/a><\/p>\n","protected":false},"excerpt":{"rendered":"<p>T\u00e4tigkeitsfeldbeschreibung (Stand 2010) [download id=&#8220;12962&#8243;] Muster-Stellenbeschreibungen Diplom-Psychologe\/in in der somatischen Rehabilitation Ltd. Psychologe\/in in der somatischen Rehabilitation TV\u00f6D &#8211; Tarifvertrag f\u00fcr den \u00f6ffentlichen Dienst Aktuelle Entgelttabellen (Bund, VKA) bei ver.di (ohne Tarifvertrag) Publikationen zum TV\u00f6D (Entgelttabellen, Tarifvertrag, \u00dcberleitungsvertrag) bei der &hellip; <a href=\"https:\/\/www.psychologie-aktuell.info\/reha\/service\/angestellt\/\">Weiterlesen <span class=\"meta-nav\">&rarr;<\/span><\/a><\/p>\n","protected":false},"author":1,"featured_media":0,"parent":1661,"menu_order":53,"comment_status":"closed","ping_status":"closed","template":"","meta":{"footnotes":""},"class_list":["post-1672","page","type-page","status-publish","hentry"],"jetpack_shortlink":"https:\/\/wp.me\/P1fMVY-qY","jetpack_sharing_enabled":true,"_links":{"self":[{"href":"https:\/\/www.psychologie-aktuell.info\/reha\/wp-json\/wp\/v2\/pages\/1672","targetHints":{"allow":["GET"]}}],"collection":[{"href":"https:\/\/www.psychologie-aktuell.info\/reha\/wp-json\/wp\/v2\/pages"}],"about":[{"href":"https:\/\/www.psychologie-aktuell.info\/reha\/wp-json\/wp\/v2\/types\/page"}],"author":[{"embeddable":true,"href":"https:\/\/www.psychologie-aktuell.info\/reha\/wp-json\/wp\/v2\/users\/1"}],"replies":[{"embeddable":true,"href":"https:\/\/www.psychologie-aktuell.info\/reha\/wp-json\/wp\/v2\/comments?post=1672"}],"version-history":[{"count":3,"href":"https:\/\/www.psychologie-aktuell.info\/reha\/wp-json\/wp\/v2\/pages\/1672\/revisions"}],"predecessor-version":[{"id":8118,"href":"https:\/\/www.psychologie-aktuell.info\/reha\/wp-json\/wp\/v2\/pages\/1672\/revisions\/8118"}],"up":[{"embeddable":true,"href":"https:\/\/www.psychologie-aktuell.info\/reha\/wp-json\/wp\/v2\/pages\/1661"}],"wp:attachment":[{"href":"https:\/\/www.psychologie-aktuell.info\/reha\/wp-json\/wp\/v2\/media?parent=1672"}],"curies":[{"name":"wp","href":"https:\/\/api.w.org\/{rel}","templated":true}]}}