{"id":1695,"date":"2010-06-01T21:45:55","date_gmt":"2010-06-01T19:45:55","guid":{"rendered":"http:\/\/www.psychologie-aktuell.info\/reha\/?page_id=1695"},"modified":"2013-09-11T11:31:45","modified_gmt":"2013-09-11T09:31:45","slug":"psychologenwitze","status":"publish","type":"page","link":"https:\/\/www.psychologie-aktuell.info\/reha\/service\/witze\/psychologenwitze\/","title":{"rendered":"Psychologenwitze"},"content":{"rendered":"<ul>\n<li>In einer Psychotherapiestunde hatte eine Patientin sich vorgenommen, ihren sexuell m\u00fcden Mann dadurch zu ermuntern, dass sie ihn in schwarzer Unterw\u00e4sche empfing. In der n\u00e4chsten Stunde berichtete sie: &#8222;Mein Mann kommt nach Hause, sieht mich mit der schwarzen Unterw\u00e4sche auf dem Sofa und sagt erschreckt: &#8222;Is wat mit der OMA?&#8220;<\/li>\n<\/ul>\n<ul>\n<li>Was ist das gr\u00f6\u00dfte Problem bei der Selbstanalyse? Die Gegen\u00fcbertragung.<\/li>\n<\/ul>\n<ul>\n<li>Ein Psychologe steigt schnaufend in ein Taxi. Der Taxifahrer: &#8222;Na, wohin soll es denn gehen?&#8220; Der Psychologe: &#8222;Fahren Sie mich irgendwo hin, ich werde \u00fcberall gebraucht.&#8220;<\/li>\n<\/ul>\n<ul>\n<li>Sitzt ein Patient auf der Couch. Psychologe: &#8222;Was f\u00fchrt Sie zu mir?&#8220; Patient: &#8222;Herr Doktor, Herr Doktor. Um meinen Kopf schwirren lauter Schmetterlinge!&#8220; (wedelt dabei f\u00fcrchterlich mit den Armen) Psychologe: (\u00e4rgerlich mit abwehrenden Bewegungen) &#8222;Na und? Aber doch nicht alle zu mir!&#8220;<\/li>\n<\/ul>\n<ul>\n<li>Patient zum Psychologen: &#8222;Mit mir will keiner reden!&#8220; Psychologe: &#8222;Der n\u00e4chste bitte!&#8220;<\/li>\n<\/ul>\n<ul>\n<li>Fragt der Psychotherapeut den Patienten: &#8222;Haben Sie Verwandte?&#8220; Patient: &#8222;Einen Zwillingsbruder. Wir wurden immer verwechselt. Wenn er was angestellt hatte, bekam ich die Pr\u00fcgel. Aber jetzt habe ich es ihm heimgezahlt.&#8220; Therapeut: &#8222;Wie denn das?&#8220; Patient: &#8222;Letzte Woche bin ich gestorben, aber ihn haben sie beerdigt.&#8220;<\/li>\n<\/ul>\n<ul>\n<li>Frau: &#8222;K\u00fcssen sie mich.&#8220; Therapeut: &#8222;Nach der strengen analytischen Regel d\u00fcrfte ich eigentlich nicht mal neben Ihnen liegen.&#8220;<\/li>\n<\/ul>\n<ul>\n<li>Psychologen-Ehepaar nach dem Sex: &#8222;Also, f\u00fcr dich war&#8217;s ja ganz toll, aber wie war&#8217;s denn f\u00fcr mich?&#8220;<\/li>\n<\/ul>\n<ul>\n<li>Intelligenztest f\u00fcr Neugeborene: Auf den Po hauen, bei den Intelligenten f\u00e4llt der Schwanz ab! Warum das ein Psychologenwitz sein soll? 1. Geht es schlie\u00dflich um Geburtstraumata und 2. ist Intelligenz ein genuin psychologisches Konzept! Achso, na dann!<\/li>\n<\/ul>\n<ul>\n<li>Was ist der Unterschied zwischen Gruppensex und Gruppentherapie? Bei der Gruppentherapie h\u00f6rt man von den Problemen anderer Leute, beim Gruppensex sieht man sie!<\/li>\n<\/ul>\n<ul>\n<li>Def. &#8222;Klientenzentrierte Psychotherapie&#8220;: Psychotherapieform, die sich im Gegensatz zur M\u00f6belzentrierten oder zur Wetterzentrierten Therapie mit dem Klienten befa\u00dft.<\/li>\n<\/ul>\n<ul>\n<li>Def. &#8222;Penisneid&#8220;: Das Verlangen, schrumpelig und klein sein zu wollen.<\/li>\n<\/ul>\n<ul>\n<li>Wieviel Psychologen braucht man, um eine Gl\u00fchbirne einzuschrauben? Nur einen &#8211; die Gl\u00fchbirne muss aber auch wirklich wollen!<\/li>\n<\/ul>\n<ul>\n<li>Ein Mann sitzt in der psychologischen Untersuchung. Der Psychologe malt ein Dreieck und fragt:&#8220;An was denken Sie, wenn Sie das sehen?&#8220; &#8211; &#8222;An Sex&#8220;.<br \/>\nDer Psychologe malt eine Kreis und fragt wieder &#8222;An was denken Sie, wenn Sie das sehen?&#8220; &#8211; &#8222;An Sex&#8220; antwortet der Patient.<br \/>\nDer Psychologe malt ein Viereck und fragt wieder: &#8222;An was denken Sie, wenn Sie das sehen?&#8220; &#8211; der Patient: &#8222;An Sex&#8220;.<br \/>\nDer Psychologe: &#8222;Sie denken immer nur an das eine?&#8220;<br \/>\nDer Patient: &#8222;Wer malt denn die ganze Zeit hier die Schweinereien?&#8220;<\/li>\n<\/ul>\n<ul>\n<li>Was sagt ein arbeitsloser Psychologe zu einem arbeitenden Psychologen? &#8222;Einmal Pommes mit Mayo!&#8220;<\/li>\n<\/ul>\n<ul>\n<li>Was macht ein Psychologen-Ehepaar mit Zwillingen?<br \/>\nDas eine landet in der Experimental- das andere in der Kontrollgruppe.<\/li>\n<\/ul>\n<ul>\n<li>Ein Mann kommt zur Gespr\u00e4chstherapie. Mann: &#8222;Ich f\u00fchle mich nicht verstanden, Herr Doktor.&#8220; Doc: &#8222;Sie haben das Gef\u00fchl, dass andere sich nicht in sie hineinversetzen k\u00f6nnen.&#8220;<br \/>\nMann: &#8222;Ich wei\u00df nicht, was ich tun soll!&#8220; Doc: &#8222;Sie sind ratlos!&#8220;<br \/>\nMann: &#8222;Ich werde meinem Leben ein Ende setzen.&#8220; Doc: &#8222;Sie denken an Suizid.&#8220;<br \/>\nMann steht auf, springt aus dem Fenster der Praxis des zehnten Stockwerkes. Doc: &#8222;Platsch&#8230;&#8220;<\/li>\n<\/ul>\n<ul>\n<li>Talk is cheap until you hire a therapist.<\/li>\n<\/ul>\n<ul>\n<li>Treffen sich zwei Psychologen. Fragt der eine: &#8222;Wei\u00dft du wieviel Uhr es ist?&#8220; Antwortet der andere: &#8222;Nein, aber gut, dass wir mal dr\u00fcber gesprochen haben!&#8220;<br \/>\nDie beiden treffen sich eine Woche sp\u00e4ter wieder. Der Eine fragt: &#8222;Und, wei\u00dft du inzwischen, wieviel Uhr es ist?&#8220; &#8211; &#8222;Nein!&#8220;, sagt der Andere &#8222;Aber ich kann schon viel besser damit umgehen!&#8220;<\/li>\n<\/ul>\n<ul>\n<li>&#8222;Herr Doktor, mit mir ist etwas nicht in Ordnung!&#8220; beschwert sich der zweiundneunzigj\u00e4hrige Herr Gr\u00fcnlich beim Psychiater. &#8222;Ich laufe dauernd hinter jungen M\u00e4dchen her!&#8220;<br \/>\n&#8222;Aber das ist doch ganz nat\u00fcrlich, Herr Gr\u00fcnlich!&#8220; beruhigt ihn der Arzt.<br \/>\n&#8222;Nun ja- aber ich kann mich nicht erinnern, weswegen!&#8220;<\/li>\n<\/ul>\n<ul>\n<li>Kommt eine Nymphomanin zum Psychiater. Er: &#8222;Legen Sie sich bitte auf die Couch&#8230;&#8220; Sie (strahlt): &#8222;Woher wussten Sie so schnell, was mir fehlt?&#8220;<\/li>\n<\/ul>\n<ul>\n<li>&#8222;Wo fehlt&#8217;s denn?&#8220;, fragt der Psychiater. &#8222;Ach, Herr Doktor, es ist schrecklich. Ich tr\u00e4ume jede Nacht ich w\u00e4re ein Ochse und fresse Heu.&#8220; &#8211; &#8222;Na, das ist doch nicht so schlimm, das haben wir bald.&#8220; &#8211; &#8222;Nicht schlimm? Ein Alptraum ist das, wo doch das Seegras aus meiner Matratze viel besser schmeckt!&#8220;<\/li>\n<\/ul>\n<ul>\n<li>Ein Mann sieht in einer Gastst\u00e4tte, wie sich eine junge attraktive Frau an den Nebentisch setzt. Daraufhin erhebt er sich, geht zu ihr an den Tisch und fragt: &#8222;Guten Tag, k\u00f6nnte ich mich wohl zu Ihnen setzen?&#8220; Die Frau br\u00fcllt auf einmal quer durch die gutbesuchte Gastst\u00e4tte: &#8222;Was, v\u00f6geln willst du mich? Ja, tickst du denn nicht mehr ganz richtig?&#8220;<br \/>\nMit hochrotem Kopf kehrt der Mann wie ein begossener Pudel wieder an seinen Tisch zur\u00fcck. Nach einer Weile steht die junge Frau auf, kommt zu ihm. Sie erkl\u00e4rt, dass sie Psychologin sei und ein Experiment durchgef\u00fchrt habe und entschuldigt sich in aller Form daf\u00fcr. Daraufhin br\u00fcllt der Mann los: &#8222;Was, 500 Eier f\u00fcr einen Fick? Ich bin doch nicht verr\u00fcckt!&#8220;<\/li>\n<\/ul>\n<ul>\n<li>Neulich bei der Psychiater-Hotline: Ring-Ring-Ring&#8230; Klick! &#8222;Hallo bei der Psychiatrie-Hotline. Wenn Sie sich bedroht f\u00fchlen, so dr\u00fccken Sie die 1! Aber schnell! Wenn Sie kein Selbstvertrauen haben, dann bitten Sie jemand anderes, die 2 zu dr\u00fccken! Falls Sie eine gespaltene Pers\u00f6nlichkeit haben, dann dr\u00fccken Sie die 3, die 4, die 5 und die 6! Wenn Sie unter Verfolgungswahn leiden, dann wissen wir, wer sie sind und was Sie wollen. Bleiben Sie so lange in der Leitung, bis wir den Anruf zur\u00fcckverfolgt haben! Wenn Sie schizophren sind, dann h\u00f6ren Sie auf die Stimmen. Sie sagen Ihnen, welche Nummer Sie dr\u00fccken m\u00fcssen! Falls Sie manisch-depressiv sind spielt es keine Rolle, welche Nummer Sie dr\u00fccken: Niemand h\u00f6rt Ihnen zu&#8230;<\/li>\n<\/ul>\n<ul>\n<li>Ein Mensch in einer fremden Stadt fragt: &#8222;Wo geht&#8217;s denn hier zum Bahnhof?&#8220;<br \/>\nEs antworten ihm &#8230;<\/li>\n<\/ul>\n<blockquote>\n<ul>\n<li>ein Gespr\u00e4chstherapeut: &#8222;Sie m\u00f6chten wissen, wo der Bahnhof ist?&#8220;<\/li>\n<li>ein Psychoanalytiker: &#8222;Sie meinen diese dunkle H\u00f6hle, wo immer &#8218;was Langes rein- und rausf\u00e4hrt?&#8220;<\/li>\n<li>ein Verhaltenstherapeut: &#8222;Heben Sie den rechten Fuss, schieben Sie ihn nach vorn. Setzen Sie ihn auf. Sehr gut. Hier haben Sie ein Bonbon.&#8220;<\/li>\n<li>ein Gestalttherapeut: &#8222;Du, lass es voll zu, dass du zum Bahnhof willst.&#8220;<\/li>\n<li>ein Hypnotherapeut: &#8222;Schliessen Sie die Augen. Entspannen Sie sich. Fragen Sie Ihr Unterbewusstsein ob es Ihnen bei der Suche behilflich sein will.&#8220;<\/li>\n<li>ein Provokativ-Therapeut: &#8222;Ich wette, da werden Sie nie &#8218;draufkommen.&#8220;<\/li>\n<li>ein Reinkarnationstherapeut: &#8222;Geh zur\u00fcck in der Zeit &#8211; bis vor Deine Geburt. Welches Karma l\u00e4\u00dft dich immer wieder auf die Hilfe anderer Leute angewiesen sein?&#8220;<\/li>\n<li>ein Familientherapeut: &#8222;Was ist dein sekund\u00e4rer Gewinn, wenn du mich nach dem Weg zum Bahnhof fragst. M\u00f6chtest du meine Bekanntschaft machen?&#8220;<\/li>\n<li>ein Bioenergetiker: &#8222;Machen Sie mal sch&#8230; sch&#8230; sch&#8230;!&#8220;<\/li>\n<li>ein Sozialarbeiter: &#8222;Keine Ahnung, aber ich fahr dich schnell hin.&#8220;<\/li>\n<li>ein Esoteriker: &#8222;Wenn du da hin sollst, wirst du den Weg auch finden.&#8220;<\/li>\n<li>ein Soziologe: &#8222;Bahnhof? Zugfahren? Welche Klasse?&#8220;<\/li>\n<li>ein NLP&#8217;ler: &#8222;Stell&#8216; dir vor, du bist schon im Bahnhof. Welche Schritte hast du zuvor getan?&#8220;<\/li>\n<li>ein Coach: &#8222;Wenn ich Ihnen die L\u00f6sung vorkaue, wird das Ihr Problem nicht dauerhaft beseitigen.&#8220;<\/li>\n<li>ein Benchmarker: &#8222;Kennen Sie jemanden, der \u00e4hnliche Logistikprobleme bereits erfolgreich gel\u00f6st hat? Wie l\u00e4\u00dft sich dessen Vorgehen sinnvoll auf Ihre Situation \u00fcbertragen?&#8220;<\/li>\n<li>ein Moderator: &#8222;Welche L\u00f6sungswege haben Sie schon angedacht? Schreiben Sie alles hier auf diese K\u00e4rtchen.&#8220;<\/li>\n<li>ein Zeitplanexperte: &#8222;Haben Sie \u00fcberhaupt gen\u00fcgend Pufferzeit f\u00fcr meine Antwort eingeplant?&#8220;<\/li>\n<li>ein Manager: &#8222;Fragen Sie nicht lange. Gehen Sie einfach los.&#8220;<\/li>\n<li>ein Priester: &#8222;Heiliger Antonius, gerechter Mann, hilf, dass er ihn finden kann. Amen.&#8220;<\/li>\n<\/ul>\n<\/blockquote>\n","protected":false},"excerpt":{"rendered":"<p>In einer Psychotherapiestunde hatte eine Patientin sich vorgenommen, ihren sexuell m\u00fcden Mann dadurch zu ermuntern, dass sie ihn in schwarzer Unterw\u00e4sche empfing. In der n\u00e4chsten Stunde berichtete sie: &#8222;Mein Mann kommt nach Hause, sieht mich mit der schwarzen Unterw\u00e4sche auf &hellip; <a href=\"https:\/\/www.psychologie-aktuell.info\/reha\/service\/witze\/psychologenwitze\/\">Weiterlesen <span class=\"meta-nav\">&rarr;<\/span><\/a><\/p>\n","protected":false},"author":1,"featured_media":0,"parent":1670,"menu_order":0,"comment_status":"closed","ping_status":"closed","template":"","meta":{"footnotes":""},"class_list":["post-1695","page","type-page","status-publish","hentry"],"jetpack_shortlink":"https:\/\/wp.me\/P1fMVY-rl","jetpack_sharing_enabled":true,"_links":{"self":[{"href":"https:\/\/www.psychologie-aktuell.info\/reha\/wp-json\/wp\/v2\/pages\/1695","targetHints":{"allow":["GET"]}}],"collection":[{"href":"https:\/\/www.psychologie-aktuell.info\/reha\/wp-json\/wp\/v2\/pages"}],"about":[{"href":"https:\/\/www.psychologie-aktuell.info\/reha\/wp-json\/wp\/v2\/types\/page"}],"author":[{"embeddable":true,"href":"https:\/\/www.psychologie-aktuell.info\/reha\/wp-json\/wp\/v2\/users\/1"}],"replies":[{"embeddable":true,"href":"https:\/\/www.psychologie-aktuell.info\/reha\/wp-json\/wp\/v2\/comments?post=1695"}],"version-history":[{"count":2,"href":"https:\/\/www.psychologie-aktuell.info\/reha\/wp-json\/wp\/v2\/pages\/1695\/revisions"}],"predecessor-version":[{"id":1709,"href":"https:\/\/www.psychologie-aktuell.info\/reha\/wp-json\/wp\/v2\/pages\/1695\/revisions\/1709"}],"up":[{"embeddable":true,"href":"https:\/\/www.psychologie-aktuell.info\/reha\/wp-json\/wp\/v2\/pages\/1670"}],"wp:attachment":[{"href":"https:\/\/www.psychologie-aktuell.info\/reha\/wp-json\/wp\/v2\/media?parent=1695"}],"curies":[{"name":"wp","href":"https:\/\/api.w.org\/{rel}","templated":true}]}}