{"id":1697,"date":"2010-06-01T21:38:42","date_gmt":"2010-06-01T19:38:42","guid":{"rendered":"http:\/\/www.psychologie-aktuell.info\/reha\/?page_id=1697"},"modified":"2013-09-11T11:32:10","modified_gmt":"2013-09-11T09:32:10","slug":"sozialarbeiterwitze","status":"publish","type":"page","link":"https:\/\/www.psychologie-aktuell.info\/reha\/service\/witze\/sozialarbeiterwitze\/","title":{"rendered":"Sozialarbeiterwitze"},"content":{"rendered":"<ul>\n<li>Wer glaubt, dass Sozialarbeiter sozial arbeiten, der glaubt auch, dass Zitronenfalter Zitronen falten.<\/li>\n<\/ul>\n<ul>\n<li>Ein Sozialp\u00e4dagoge auf einer Safari in Afrika wird von mehreren L\u00f6wen umstellt. Aus tiefer Angst geht er in sich rein, um eine positive Aura aufzubauen, so dass ihn die L\u00f6wen nicht fressen. Wie er aus seiner Selbstreflexion aufschaut, sitzen die L\u00f6wen im Kreis und halten sich die Hand. Der Sozialp\u00e4dagoge ist hoch erfreut, dass sein Glaube ans Gute gesiegt hat. Die L\u00f6wen im Chor: &#8222;Einen guten Apetit zusammen&#8220;(schweizer Version: &#8222;En Guete mit enang.&#8220;)<\/li>\n<\/ul>\n<ul>\n<li>Hilf Dir selbst, sonst hilft Dir ein Sozialarbeiter!<\/li>\n<\/ul>\n<ul>\n<li>Sitzen zwei Sozialp\u00e4dagogen auf einem Ast und s\u00e4gen auf der dem Baum zugewandten Seite. Kommt ein Kind vorbei und sagt : &#8222;He, ihr fallt doch gleich runter!&#8220; Ungest\u00f6rt s\u00e4gen die beiden weiter. Da kracht&#8217;s, und beide Sozialp\u00e4dagogen fallen zu Boden. Kurz darauf kommt das Kind wieder vorbei. Sagt der eine Sozialp\u00e4dagoge zum anderen : &#8222;Schau mal, der Hellseher!&#8220;<\/li>\n<\/ul>\n<ul>\n<li>&#8222;Bitte nicht helfen &#8211; ich habe es schon schwer genug!&#8220;<\/li>\n<\/ul>\n<ul>\n<li>Sieht einer auf dem Weihnachtsmarkt einen Stand mit Wollpullis und Wollsocken: &#8222;Oh, guck &#8218;mal, ein Sozialp\u00e4dagogenstand!&#8220;<\/li>\n<\/ul>\n<ul>\n<li>Die Ungleichbehandlung von M\u00e4nnern und Frauen ist immens. Zwei diplomierte Sozialp\u00e4dagogen; er bekommt f\u00fcr den gleichen Job viel mehr &#8211; dabei fahren sie beide f\u00fcr das gleiche Taxiunternehmen.<\/li>\n<\/ul>\n<ul>\n<li>Ein Interview mit einem Sozialp\u00e4dagogen:\n<ul>\n<li>1. Frage: Was ist Ihr Grundproblem? Antwort: Zuwenig Geld.<\/li>\n<li>2. Frage: Was brauchen Sie f\u00fcr eine bessere Jugendversorgung. Antwort: Mehr Sozialp\u00e4dagogen.<\/li>\n<li>3. Frage: Und was ist Ihr Ziel? Antwort: Die Jugendlichen in Ihrer Unabh\u00e4ngigkeit von den Erziehenden zu best\u00e4rken.<\/li>\n<\/ul>\n<\/li>\n<\/ul>\n<ul>\n<li>Zwei Sozialp\u00e4dagogen gehen im Park an einem See spazieren. Ein Mann im See rudert wie wild mit den Armen und ruft um Hilfe. Die Sozialp\u00e4dagogen gehen unger\u00fchrt weiter. Der Mann ruft immer wieder verzweifelt um Hilfe. &#8211; Keine Reaktion! Endlich ruft der Mann: &#8222;Hilfe, Hilfe ich ertrinke!&#8220; Meint der eine Sozialp\u00e4dagoge zum andern: &#8222;Das wurde aber auch Zeit, endlich hat er sein Problem erkannt!&#8220;<\/li>\n<\/ul>\n<ul>\n<li>Wenn Sozialarbeiter an die Regierungsmacht k\u00e4men, wie w\u00fcrden sie Obdachlosigkeit bek\u00e4mpfen? Mehr Br\u00fccken bauen.<\/li>\n<\/ul>\n<ul>\n<li>Wieviele Sozialp\u00e4dagogen brauchst du um eine Gl\u00fchbirne zu wechseln?\n<ul>\n<li>Keinen; daf\u00fcr ist kein Geld in unserem Budget.<\/li>\n<li>Es ist nicht die Gl\u00fchbirne, die einen Wechsel ben\u00f6tigt, sondern das System!<\/li>\n<li>Nur einen, aber er mu\u00df zur Supervision bei einem Elektriker (multi-disziplin\u00e4rer Ansatz), um mehr \u00fcber theoretische Ans\u00e4tze der Elektrizit\u00e4t zu lernen.<\/li>\n<li>&#8222;Wir wechseln keine Gl\u00fchbirnen; wir bef\u00e4higen Sie mit der Situation klarzukommen und sich selbst zu wechseln.&#8220;<\/li>\n<li>Nur einen, aber wir m\u00fcssen die Gl\u00fchbirne da abholen, wo sie steht.<\/li>\n<li>Drei: einen f\u00fcr die Arbeit, einen um die Erfahrungen zu teilen, und einen zur Supervision, damit die Professionalit\u00e4t der Arbeit gew\u00e4hrleistet ist.<\/li>\n<li>Einhundert: Einen um die Birne zu wechseln und neunundneunzig um den Papierkram zu erledigen.<\/li>\n<li>Keinen. Die Gl\u00fchlampe ist nicht durchgebrannt, sie erscheint nur in einem anderen Licht.<\/li>\n<li>Eigentlich eh egal, da die Gl\u00fchbirne sowieso wieder dem Burn-out-Syndrom anheimfallen wird.<\/li>\n<li>So viele wie der Etat es hergibt.<\/li>\n<li>Nur einen. Sozialp\u00e4dagogen haben nie ausreichend Zeit um gemeinsame Termine zu finden.<\/li>\n<\/ul>\n<\/li>\n<\/ul>\n<ul>\n<li>Bei einer Nachtwanderung hielt sich mein 9-j\u00e4hriger Sohn \u00e4ngstlich an meiner Hand fest und erinnerte mich daran, dass in der Gegend bereits B\u00e4ren gesehen worden seien. Ich fragte ihn, ob er mir zutraue, mit dem B\u00e4ren fertig zu werden. Er antwortete : &#8222;Oh ja, du bist ein Sozialarbeiter. Du w\u00fcrdest vermutlich zu dem B\u00e4ren sagen : &#8218;Setz Dich hin und lass uns mal ein wenig \u00fcber Dein Problem reden.&#8216; &#8222;<\/li>\n<\/ul>\n<ul>\n<li>Zwei in einer psychiatrischen Abteilung arbeitende Sozialarbeiter begegnen sich auf dem Flur. Sagt der eine : &#8222;Guten Morgen.&#8220; Ein paar Schritte weiter dreht sich der andere um und gr\u00fcbelt : &#8222;Was hat er blo\u00df damit gemeint?&#8220;<\/li>\n<\/ul>\n<ul>\n<li>Ein Sozialarbeiter sieht sich einem Stra\u00dfenr\u00e4uber mit einer Knarre in der Hand gegen\u00fcber. &#8222;Geld oder Leben&#8220;, schreit der R\u00e4uber. &#8222;Tut mir leid&#8220;, antwortet der Sozialp\u00e4dagoge, &#8222;wie du siehst, besitze ich weder das eine noch das andere.&#8220;<\/li>\n<\/ul>\n<ul>\n<li>Was ist der Unterschied zwischen Gott und einem Sozialp\u00e4dagogen? Gott behauptet nicht Sozialarbeiter zu sein.<\/li>\n<\/ul>\n<ul>\n<li>Was ist der Unterschied zwischen Gott und einem Sozialp\u00e4dagogen? Gott KANN man schockieren.<\/li>\n<\/ul>\n<ul>\n<li>Was haben Sozialp\u00e4dagogen und Musiker gemeinsam? Beide wissen nicht, wo n\u00e4chsten Monat das Geld herkommt.<\/li>\n<\/ul>\n<ul>\n<li>Was ist der Unterschied zwischen einem Rottweiler und einem Sozialarbeiter? Von einem Rottweiler bekommst du eventuell dein Kind zur\u00fcck.<\/li>\n<\/ul>\n<ul>\n<li>Warum werden Sozialarbeiter 300 Meter tief in der Erde begraben? Weil tief im Inneren sind sie gute Menschen.<\/li>\n<\/ul>\n<ul>\n<li>Was sind die wichtigsten Utensilien f\u00fcr einen Sozialp\u00e4dagogen? Eine Kerze, ein R\u00e4ucherst\u00e4bchen, eine Kanne Tee und das Diskussionsdeckchen.<\/li>\n<\/ul>\n<ul>\n<li>Kommen zwei Sozialp\u00e4dagogen nachts aus der Kneipe und sehen jemanden blut\u00fcberstr\u00f6mt, zusammengeschlagen auf dem B\u00fcrgersteig liegen. Sagt der eine Sozialp\u00e4dagoge zum anderen: &#8222;Du, der das gemacht hat, dem m\u00fcssen wir unbedingt helfen!&#8220;<\/li>\n<\/ul>\n<ul>\n<li>Ein Priester, ein Rabbi und ein Sozialarbeiter waren mit einem Flugzeug unterwegs. Aufgrund technischer Probleme fielen nach und nach s\u00e4mtliche Triebwerke aus, und das Flugzeug begann abzust\u00fcrzen. Der Priester begann zu beten, der Rabbi las in seiner Thora und der Sozialarbeiter begann eine Selbsthilfegruppe f\u00fcr Opfer von Flugzeugkatastrophen zu organisieren.<\/li>\n<\/ul>\n<ul>\n<li>Treffen sich zwei Sozialarbeiter &#8230;<\/li>\n<\/ul>\n<blockquote>\n<ul>\n<li>Sozi A: &#8222;Ich muss zum Bus, kannst du mir sagen, wie sp\u00e4t es ist?&#8220;<\/li>\n<li>Sozi B: &#8222;Nein, aber wir k\u00f6nnen gern dar\u00fcber reden.&#8220;<\/li>\n<li>Sozi A: &#8222;Also, daf\u00fcr w\u00e4r ich Dir super dankbar, das f\u00e4nd ich echt spannend.&#8220;<\/li>\n<li>Sozi B: &#8222;Hast du schon mal eruiert, wie weit in der Beziehung deine Selbsterfahrung ist?&#8220;<\/li>\n<li>Sozi A: &#8222;Tut mir leid, aber mir fehlt momentan noch v\u00f6llig das Feedback. Aber&#8217;s ist spannend, sag ich dir!&#8220;<\/li>\n<li>Sozi B: &#8222;Ich glaub eher, da ist dein \u00dcber-Ich mit dem Es in Konflikt geraten.&#8220;<\/li>\n<li>Sozi A: &#8222;Nein, \u00fcber mir wohnt keiner und meiner Frau gehts auch gut.&#8220;<\/li>\n<li>Sozi B: &#8222;Das ist ja toll! Und wie gehst du jetzt damit um?&#8220;<\/li>\n<li>Sozi A: &#8222;Oh, ich glaube, ich habe kurzfristig die Regeln der Metakommunikation falsch kompensiert. Ist das so bei dir r\u00fcbergekommen?&#8220;<\/li>\n<li>Sozi B: &#8222;Ja, ich hatte glatt die Stimmigkeit vermi\u00dft. Aber ich fand so &#8217;n bi\u00dfchen emotionale Echtheit echt toll. Wie geht&#8217;s dir dabei?&#8220;<\/li>\n<li>Sozi A: &#8222;Ich glaub, da ist methodisch noch mehr rauszuholen, bedenke doch nur mal den spannenden sozialen Aspekt der Situation, allein schon im informellen Bereich.&#8220;<\/li>\n<li>Sozi B: &#8222;Didaktisch gesehen, habe ich den Eindruck, dass es auch die Supervision echt locker bringen w\u00fcrde.&#8220;<\/li>\n<li>Sozi A: &#8222;Supervisionen finde ich auch unheimlich spannend, vorausgesetzt, die Transaktionsakzente sind richtig gesetzt und die Metaebene ist gerade.&#8220;<\/li>\n<li>Sozi B: &#8222;Ich finde es toll, mit dir \u00fcber deine Erfahrungsgehalte zu kommunizieren. Ich hab den Eindruck, dass wir so harmonische du-Botschaften r\u00fcberbringen.&#8220;<\/li>\n<li>Sozi A: &#8222;Ehrlich? Gut, dass wir uns eben, ohne rezeptiv zu werden, echte Spontaneit\u00e4t bewahrt haben. Freut es dich eigentlich, dass wir uns hier unterhalten?&#8220;<\/li>\n<li>Sozi B: &#8222;Ja, Freud finde ich echt toll. Du erweckst aber bei mir den Eindruck, dass deine Libido \u00f6dipal besetzt ist.&#8220;<\/li>\n<li>Sozi A: &#8222;Echt? Du, das mu\u00df ich gleich mal mit meinen Therapeuten diskutieren. Also bis bald.&#8220;<\/li>\n<li>Sozi B: &#8222;Endlich mal jemand, mit dem man normal reden kann!&#8220;<\/li>\n<\/ul>\n<\/blockquote>\n<ul>\n<li>Schreiner zum Sozialp\u00e4dagogen: &#8222;Kennst du den Unterschied zwischen Holz und Sozis?&#8220; &#8211; &#8222;Nein.&#8220; &#8211; &#8222;Holz arbeitet.&#8220;<\/li>\n<\/ul>\n<ul>\n<li>Treffen sich zwei Haie. Sagt der eine: &#8222;Boah, hab ich &#8217;nen Hunger! Sagt der andere: &#8222;Schwimm&#8216; hundert Meter weiter, da is&#8216; ein Strand mit lauter Sozialp\u00e4dagogen &#8211; dicke Leber und wenig R\u00fcckrat&#8220;.<\/li>\n<\/ul>\n<ul>\n<li>Warum haben es Soz.p\u00e4d.-Studenten heute einfacher als fr\u00fcher? Fr\u00fcher mu\u00dften sie schon um Viertel vor sechs aufstehen, heute kann man noch bis um 8 Uhr abends Bier kaufen.<\/li>\n<\/ul>\n<ul>\n<li>Zwei Soz.p\u00e4d.-Studis haben zusammen ein Zimmer. Wacht der eine auf und fragt den anderen: &#8222;Du, wie sp\u00e4t ist es?&#8220; Sagt der andere: &#8222;Dienstag.&#8220; Da sagt der erste: &#8222;Ach Mensch, so genau wollte ich es doch gar nicht wissen: Winter- oder Sommersemester?&#8220;<\/li>\n<\/ul>\n<ul>\n<li>Ein Soziologe tr\u00e4gt Interessierten die verschiedenen Gesellschaftssysteme vor:<\/li>\n<\/ul>\n<blockquote>\n<ul>\n<li>Was ist Feudalismus? Keine K\u00fche im Besitz des Bauern.<\/li>\n<li>Kapitalismus? Der Bauer hat zwei K\u00fche, aber das Steueramt konfisziert eine und versteigert sie.<\/li>\n<li>Sozialismus? Du hast zwei K\u00fche und gibst die bessere in die Genossenschaft.<\/li>\n<li>Kommunismus? Du hast zwei K\u00fche. Der Staat nimmt sie Dir weg und gibt Dir ein wenig von der Milch.<\/li>\n<li>Faschismus? Du hast zwei K\u00fche, die der Staat beschlagnahmt und du darfst Magermilch kaufen.<\/li>\n<li>Nazismus? Du hast zwei K\u00fche. Die Regierung nimmt sie und erschie\u00dft Dich.<\/li>\n<li>Planwirtschaft? Du hast zwei K\u00fche, welche die Regierung abf\u00fchrt. Eine wird geschlachtet, f\u00fcr die anderen ernennt sie zwei Beamte, die sie melken sollen, dabei wird die Milch sauer.<\/li>\n<\/ul>\n<\/blockquote>\n<p>Wer glaubt, dass Sozialarbeiter sozial arbeiten, der glaubt auch, dass Zitronenfalter Zitronen falten.<\/p>\n<p>Ein Sozialp\u00e4dagoge auf einer Safari in Afrika wird von mehreren L\u00f6wen umstellt. Aus tiefer Angst geht er in sich rein, um eine positive Aura aufzubauen, so dass ihn die L\u00f6wen nicht fressen. Wie er aus seiner Selbstreflexion aufschaut, sitzen die L\u00f6wen im Kreis und halten sich die Hand. Der Sozialp\u00e4dagoge ist hoch erfreut, dass sein Glaube ans Gute gesiegt hat.<br \/>\nDie L\u00f6wen im Chor: &#8222;Einen guten Apetit zusammen&#8220;.<br \/>\n(schweizer Version: &#8222;En Guete mit enang.&#8220;)<\/p>\n<p>Hilf Dir selbst, sonst hilft Dir ein Sozialarbeiter!<\/p>\n<p>Sitzen zwei Sozialp\u00e4dagogen auf einem Ast und s\u00e4gen auf der dem Baum zugewandten Seite. Kommt ein Kind vorbei und sagt : &#8222;He, ihr fallt doch gleich runter!&#8220; Ungest\u00f6rt s\u00e4gen die beiden weiter.<br \/>\nDa kracht&#8217;s, und beide Sozialp\u00e4dagogen fallen zu Boden. Kurz darauf kommt das Kind wieder vorbei. Sagt der eine Sozialp\u00e4dagoge zum anderen : &#8222;Schau mal, der Hellseher!&#8220;<\/p>\n<p>&#8222;Bitte nicht helfen &#8211; ich habe es schon schwer genug!&#8220;<\/p>\n<p>Sieht einer auf dem Weihnachtsmarkt einen Stand mit Wollpullis und Wollsocken: &#8222;Oh, guck &#8218;mal, ein Sozialp\u00e4dagogenstand!&#8220;<\/p>\n<p>Die Ungleichbehandlung von M\u00e4nnern und Frauen ist immens. Zwei diplomierte Sozialp\u00e4dagogen; er bekommt f\u00fcr den gleichen Job viel mehr &#8211; dabei fahren sie beide f\u00fcr das gleiche Taxiunternehmen.<\/p>\n<p>Ein Interview mit einem Sozialp\u00e4dagogen:<br \/>\n1. Frage: Was ist Ihr Grundproblem?<br \/>\nAntwort: Zuwenig Geld.<br \/>\n2. Frage: Was brauchen Sie f\u00fcr eine bessere Jugendversorgung.<br \/>\nAntwort: Mehr Sozialp\u00e4dagogen.<br \/>\n3. Frage: Und was ist Ihr Ziel?<br \/>\nAntwort: Die Jugendlichen in Ihrer Unabh\u00e4ngigkeit von den Erziehenden zu best\u00e4rken.<\/p>\n<p>Zwei Sozialp\u00e4dagogen gehen im Park an einem See spazieren. Ein Mann im See rudert wie wild mit den Armen und ruft um Hilfe. Die Sozialp\u00e4dagogen gehen unger\u00fchrt weiter. Der Mann ruft immer wieder verzweifelt um Hilfe. &#8211; Keine Reaktion! Endlich ruft der Mann: &#8222;Hilfe, Hilfe ich ertrinke!&#8220; Meint der eine Sozialp\u00e4dagoge zum andern: &#8222;Das wurde aber auch Zeit, endlich hat er sein Problem erkannt!&#8220;<\/p>\n<p>Wenn Sozialarbeiter an die Regierungsmacht k\u00e4men, wie w\u00fcrden sie Obdachlosigkeit bek\u00e4mpfen?<br \/>\nMehr Br\u00fccken bauen.<\/p>\n<p>Wieviele Sozialp\u00e4dagogen brauchst du um eine Gl\u00fchbirne zu wechseln?<\/p>\n<blockquote>\n<ul>\n<li>Keinen; daf\u00fcr ist kein Geld in unserem Budget.<\/li>\n<li>Es ist nicht die Gl\u00fchbirne, die einen Wechsel ben\u00f6tigt, sondern das System!<\/li>\n<li>Nur einen, aber er mu\u00df zur Supervision bei einem Elektriker (multi-disziplin\u00e4rer Ansatz), um mehr \u00fcber theoretische Ans\u00e4tze der<\/li>\n<li>Elektrizit\u00e4t zu lernen.<\/li>\n<li>&#8222;Wir wechseln keine Gl\u00fchbirnen; wir bef\u00e4higen Sie mit der Situation klarzukommen und sich selbst zu wechseln.&#8220;<\/li>\n<li>Nur einen, aber wir m\u00fcssen die Gl\u00fchbirne da abholen, wo sie steht.<\/li>\n<li>Drei: einen f\u00fcr die Arbeit, einen um die Erfahrungen zu teilen, und einen zur Supervision, damit die Professionalit\u00e4t der Arbeit gew\u00e4hrleistet ist.<\/li>\n<li>Einhundert: Einen um die Birne zu wechseln und neunundneunzig um den Papierkram zu erledigen.<\/li>\n<li>Keinen. Die Gl\u00fchlampe ist nicht durchgebrannt, sie erscheint nur in einem anderen Licht.<\/li>\n<li>Eigentlich eh egal, da die Gl\u00fchbirne sowieso wieder dem Burn-out-Syndrom anheimfallen wird.<\/li>\n<li>So viele wie der Etat es hergibt.<\/li>\n<li>Nur einen. Sozialp\u00e4dagogen haben nie ausreichend Zeit um gemeinsame Termine zu finden.<\/li>\n<\/ul>\n<\/blockquote>\n<p>Bei einer Nachtwanderung hielt sich mein 9-j\u00e4hriger Sohn \u00e4ngstlich an meiner Hand fest und erinnerte mich daran, dass in der Gegend bereits B\u00e4ren gesehen worden seien. Ich fragte ihn, ob er mir zutraue, mit dem B\u00e4ren fertig zu werden. Er antwortete : &#8222;Oh ja, du bist ein Sozialarbeiter. Du w\u00fcrdest vermutlich zu dem B\u00e4ren sagen : &#8218;Setz Dich hin und lass uns mal ein wenig \u00fcber Dein Problem reden.&#8216; &#8220;<\/p>\n<p>Zwei in einer psychiatrischen Abteilung arbeitende Sozialarbeiter begegnen sich auf dem Flur. Sagt der eine : &#8222;Guten Morgen.&#8220; Ein paar Schritte weiter dreht sich der andere um und gr\u00fcbelt : &#8222;Was hat er blo\u00df damit gemeint?&#8220;<\/p>\n<p>Ein Sozialarbeiter sieht sich einem Stra\u00dfenr\u00e4uber mit einer Knarre in der Hand gegen\u00fcber. &#8222;Geld oder Leben&#8220;, schreit der R\u00e4uber. &#8222;Tut mir leid&#8220;, antwortet der Sozialp\u00e4dagoge, &#8222;wie du siehst, besitze ich weder das eine noch das andere.&#8220;<\/p>\n<p>Was ist der Unterschied zwischen Gott und einem Sozialp\u00e4dagogen?<br \/>\nGott behauptet nicht Sozialarbeiter zu sein.<\/p>\n<p>Was ist der Unterschied zwischen Gott und einem Sozialp\u00e4dagogen?<br \/>\nGott KANN man schockieren.<\/p>\n<p>Was haben Sozialp\u00e4dagogen und Musiker gemeinsam?<br \/>\nBeide wissen nicht, wo n\u00e4chsten Monat das Geld herkommt.<\/p>\n<p>Was ist der Unterschied zwischen einem Rottweiler und einem Sozialarbeiter? Von einem Rottweiler bekommst du eventuell dein Kind zur\u00fcck.<\/p>\n<p>Warum werden Sozialarbeiter 300 Meter tief in der Erde begraben?<br \/>\nWeil tief im Inneren sind sie gute Menschen.<\/p>\n<p>Was sind die wichtigsten Utensilien f\u00fcr einen Sozialp\u00e4dagogen?<br \/>\nEine Kerze, ein R\u00e4ucherst\u00e4bchen, eine Kanne Tee und das Diskussionsdeckchen.<\/p>\n<p>Kommen zwei Sozialp\u00e4dagogen nachts aus der Kneipe und sehen jemanden blut\u00fcberstr\u00f6mt, zusammengeschlagen auf dem B\u00fcrgersteig liegen. Sagt der eine Sozialp\u00e4dagoge zum anderen: &#8222;Du, der das gemacht hat, dem m\u00fcssen wir unbedingt helfen!&#8220;<\/p>\n<p>Ein Priester, ein Rabbi und ein Sozialarbeiter waren mit einem Flugzeug unterwegs. Aufgrund technischer Probleme fielen nach und nach s\u00e4mtliche Triebwerke aus, und das Flugzeug begann abzust\u00fcrzen. Der Priester begann zu beten, der Rabbi las in seiner Thora und der Sozialarbeiter begann eine Selbsthilfegruppe f\u00fcr Opfer von Flugzeugkatastrophen zu organisieren.<\/p>\n<p>Treffen sich zwei Sozialarbeiter &#8230;<\/p>\n<table width=\"100%\">\n<tbody>\n<tr valign=\"TOP\">\n<td width=\"11%\">Sozi A:<\/td>\n<td width=\"89%\">&#8222;Ich muss zum Bus, kannst du mir sagen, wie sp\u00e4t es ist?&#8220;<\/td>\n<\/tr>\n<tr valign=\"TOP\">\n<td width=\"11%\">Sozi B:<\/td>\n<td width=\"89%\">&#8222;Nein, aber wir k\u00f6nnen gern dar\u00fcber reden.&#8220;<\/td>\n<\/tr>\n<tr valign=\"TOP\">\n<td width=\"11%\">Sozi A:<\/td>\n<td width=\"89%\">&#8222;Also, daf\u00fcr w\u00e4r ich Dir super dankbar, das f\u00e4nd ich echt spannend.&#8220;<\/td>\n<\/tr>\n<tr valign=\"TOP\">\n<td width=\"11%\">Sozi B:<\/td>\n<td width=\"89%\">&#8222;Hast du schon mal eruiert, wie weit in der Beziehung deine Selbsterfahrung ist?&#8220;<\/td>\n<\/tr>\n<tr valign=\"TOP\">\n<td width=\"11%\">Sozi A:<\/td>\n<td width=\"89%\">&#8222;Tut mir leid, aber mir fehlt momentan noch v\u00f6llig das Feedback. Aber&#8217;s ist spannend, sag ich dir!&#8220;<\/td>\n<\/tr>\n<tr valign=\"TOP\">\n<td width=\"11%\">Sozi B:<\/td>\n<td width=\"89%\">&#8222;Ich glaub eher, da ist dein \u00dcber-Ich mit dem Es in Konflikt geraten.&#8220;<\/td>\n<\/tr>\n<tr valign=\"TOP\">\n<td width=\"11%\">Sozi A:<\/td>\n<td width=\"89%\">&#8222;Nein, \u00fcber mir wohnt keiner und meiner Frau gehts auch gut.&#8220;<\/td>\n<\/tr>\n<tr valign=\"TOP\">\n<td width=\"11%\">Sozi B:<\/td>\n<td width=\"89%\">&#8222;Das ist ja toll! Und wie gehst du jetzt damit um?&#8220;<\/td>\n<\/tr>\n<tr valign=\"TOP\">\n<td width=\"11%\">Sozi A:<\/td>\n<td width=\"89%\">&#8222;Oh, ich glaube, ich habe kurzfristig die Regeln der Metakommunikation falsch kompensiert. Ist das so bei dir r\u00fcbergekommen?&#8220;<\/td>\n<\/tr>\n<tr valign=\"TOP\">\n<td width=\"11%\">Sozi B:<\/td>\n<td width=\"89%\">&#8222;Ja, ich hatte glatt die Stimmigkeit vermi\u00dft. Aber ich fand so &#8217;n bi\u00dfchen emotionale Echtheit echt toll. Wie geht&#8217;s dir dabei?&#8220;<\/td>\n<\/tr>\n<tr valign=\"TOP\">\n<td width=\"11%\">Sozi A:<\/td>\n<td width=\"89%\">&#8222;Ich glaub, da ist methodisch noch mehr rauszuholen, bedenke doch nur mal den spannenden sozialen Aspekt der Situation, allein schon im informellen Bereich.&#8220;<\/td>\n<\/tr>\n<tr valign=\"TOP\">\n<td width=\"11%\">Sozi B:<\/td>\n<td width=\"89%\">&#8222;Didaktisch gesehen, habe ich den Eindruck, dass es auch die Supervision echt locker bringen w\u00fcrde.&#8220;<\/td>\n<\/tr>\n<tr valign=\"TOP\">\n<td width=\"11%\">Sozi A:<\/td>\n<td width=\"89%\">&#8222;Supervisionen finde ich auch unheimlich spannend, vorausgesetzt, die Transaktionsakzente sind richtig gesetzt und die Metaebene ist gerade.&#8220;<\/td>\n<\/tr>\n<tr valign=\"TOP\">\n<td width=\"11%\" height=\"2\">Sozi B:<\/td>\n<td width=\"89%\" height=\"2\">&#8222;Ich finde es toll, mit dir \u00fcber deine Erfahrungsgehalte zu kommunizieren. Ich hab den Eindruck, dass wir so harmonische du-Botschaften r\u00fcberbringen.&#8220;<\/td>\n<\/tr>\n<tr valign=\"TOP\">\n<td width=\"11%\">Sozi A:<\/td>\n<td width=\"89%\">&#8222;Ehrlich? Gut, dass wir uns eben, ohne rezeptiv zu werden, echte Spontaneit\u00e4t bewahrt haben. Freut es dich eigentlich, dass wir uns hier unterhalten?&#8220;<\/td>\n<\/tr>\n<tr valign=\"TOP\">\n<td width=\"11%\">Sozi B:<\/td>\n<td width=\"89%\">&#8222;Ja, Freud finde ich echt toll. Du erweckst aber bei mir den Eindruck, dass deine Libido \u00f6dipal besetzt ist.&#8220;<\/td>\n<\/tr>\n<tr valign=\"TOP\">\n<td width=\"11%\">Sozi A:<\/td>\n<td width=\"89%\">&#8222;Echt? Du, das mu\u00df ich gleich mal mit meinen Therapeuten diskutieren. Also bis bald.&#8220;<\/td>\n<\/tr>\n<tr valign=\"TOP\">\n<td width=\"11%\">Sozi B:<\/td>\n<td width=\"89%\">&#8222;Endlich mal jemand, mit dem man normal reden kann!&#8220;<\/td>\n<\/tr>\n<\/tbody>\n<\/table>\n<p>Schreiner zum Sozialp\u00e4dagogen: &#8222;Kennst du den Unterschied zwischen Holz und Sozis?&#8220; &#8211; &#8222;Nein.&#8220; &#8211; &#8222;Holz arbeitet.&#8220;<\/p>\n<p>Treffen sich zwei Haie. Sagt der eine: &#8222;Boah, hab ich &#8217;nen Hunger! Sagt der andere: &#8222;Schwimm&#8216; hundert Meter weiter, da is&#8216; ein Strand mit lauter Sozialp\u00e4dagogen &#8211; dicke Leber und wenig R\u00fcckrat&#8220;.<\/p>\n<p>Warum haben es Soz.p\u00e4d.-Studenten heute einfacher als fr\u00fcher?<br \/>\nFr\u00fcher mu\u00dften sie schon um Viertel vor sechs aufstehen, heute kann man noch bis um 8 Uhr abends Bier kaufen.<\/p>\n<p>Zwei Soz.p\u00e4d.-Studis haben zusammen ein Zimmer. Wacht der eine auf und fragt den anderen: &#8222;Du, wie sp\u00e4t ist es?&#8220; Sagt der andere: &#8222;Dienstag.&#8220; Da sagt der erste: &#8222;Ach Mensch, so genau wollte ich es doch gar nicht wissen: Winter- oder Sommersemester?&#8220;<\/p>\n<p>Ein Soziologe tr\u00e4gt Interessierten die verschiedenen Gesellschaftssysteme vor:<\/p>\n<blockquote>\n<ul>\n<li>Was ist Feudalismus? Keine K\u00fche im Besitz des Bauern.<\/li>\n<li>Kapitalismus? Der Bauer hat zwei K\u00fche, aber das Steueramt konfisziert eine und versteigert sie.<\/li>\n<li>Sozialismus? Du hast zwei K\u00fche und gibst die bessere in die Genossenschaft.<\/li>\n<li>Kommunismus? Du hast zwei K\u00fche. Der Staat nimmt sie Dir weg und gibt Dir ein wenig von der Milch.<\/li>\n<li>Faschismus? Du hast zwei K\u00fche, die der Staat beschlagnahmt und du darfst Magermilch kaufen.<\/li>\n<li>Nazismus? Du hast zwei K\u00fche. Die Regierung nimmt sie und erschie\u00dft Dich.<\/li>\n<li>Planwirtschaft? Du hast zwei K\u00fche, welche die Regierung abf\u00fchrt. Eine wird geschlachtet, f\u00fcr die anderen ernennt sie zwei Beamte, die sie melken sollen, dabei wird die Milch sauer.<\/li>\n<\/ul>\n<\/blockquote>\n","protected":false},"excerpt":{"rendered":"<p>Wer glaubt, dass Sozialarbeiter sozial arbeiten, der glaubt auch, dass Zitronenfalter Zitronen falten. Ein Sozialp\u00e4dagoge auf einer Safari in Afrika wird von mehreren L\u00f6wen umstellt. Aus tiefer Angst geht er in sich rein, um eine positive Aura aufzubauen, so dass &hellip; <a href=\"https:\/\/www.psychologie-aktuell.info\/reha\/service\/witze\/sozialarbeiterwitze\/\">Weiterlesen <span class=\"meta-nav\">&rarr;<\/span><\/a><\/p>\n","protected":false},"author":1,"featured_media":0,"parent":1670,"menu_order":0,"comment_status":"closed","ping_status":"closed","template":"","meta":{"footnotes":""},"class_list":["post-1697","page","type-page","status-publish","hentry"],"jetpack_shortlink":"https:\/\/wp.me\/P1fMVY-rn","jetpack_sharing_enabled":true,"_links":{"self":[{"href":"https:\/\/www.psychologie-aktuell.info\/reha\/wp-json\/wp\/v2\/pages\/1697","targetHints":{"allow":["GET"]}}],"collection":[{"href":"https:\/\/www.psychologie-aktuell.info\/reha\/wp-json\/wp\/v2\/pages"}],"about":[{"href":"https:\/\/www.psychologie-aktuell.info\/reha\/wp-json\/wp\/v2\/types\/page"}],"author":[{"embeddable":true,"href":"https:\/\/www.psychologie-aktuell.info\/reha\/wp-json\/wp\/v2\/users\/1"}],"replies":[{"embeddable":true,"href":"https:\/\/www.psychologie-aktuell.info\/reha\/wp-json\/wp\/v2\/comments?post=1697"}],"version-history":[{"count":6,"href":"https:\/\/www.psychologie-aktuell.info\/reha\/wp-json\/wp\/v2\/pages\/1697\/revisions"}],"predecessor-version":[{"id":7266,"href":"https:\/\/www.psychologie-aktuell.info\/reha\/wp-json\/wp\/v2\/pages\/1697\/revisions\/7266"}],"up":[{"embeddable":true,"href":"https:\/\/www.psychologie-aktuell.info\/reha\/wp-json\/wp\/v2\/pages\/1670"}],"wp:attachment":[{"href":"https:\/\/www.psychologie-aktuell.info\/reha\/wp-json\/wp\/v2\/media?parent=1697"}],"curies":[{"name":"wp","href":"https:\/\/api.w.org\/{rel}","templated":true}]}}