{"id":1857,"date":"2010-06-04T16:25:47","date_gmt":"2010-06-04T14:25:47","guid":{"rendered":"http:\/\/www.psychologie-aktuell.info\/reha\/?page_id=1857"},"modified":"2014-10-18T00:51:41","modified_gmt":"2014-10-17T22:51:41","slug":"must-have","status":"publish","type":"page","link":"https:\/\/www.psychologie-aktuell.info\/reha\/service\/must-have\/","title":{"rendered":"must-have"},"content":{"rendered":"<h2>Praxisempfehlungen<\/h2>\n<p>Im Rahmen eines von der Deutschen Rentenversicherung Bund gef\u00f6rderten Projektes (Projektleitung: Dr. Dipl.-Psych. Christina Reese, Prof. Dr. Oskar Mittag, Universit\u00e4tsklinikum Freiburg) wurden Praxisempfehlungen f\u00fcr psychologische Interventionen in der Rehabilitation von PatientInnen mit <strong>chronischen R\u00fcckenschmerzen<\/strong> bzw. <strong>koronarer Herzkrankheit<\/strong> entwickelt.<\/p>\n<p>Auf der Homepage der <a href=\"http:\/\/www.uniklinik-freiburg.de\/aqms\/live\/Praxisempfehlungen.html\" target=\"_blank\">Abteilung Qualit\u00e4tsmanagement und Sozialmedizin (AQMS) <\/a>der Uniklinik Freiburg finden Sie n\u00e4here Informationen zum Projekt \u201ePraxisempfehlungen\u201c.<\/p>\n<ul>\n<li><strong>[download id=&#8220;13325&#8243;]<\/strong><\/li>\n<li><strong>[download id=&#8220;13327&#8243;]<\/strong><\/li>\n<\/ul>\n<p>&nbsp;<\/p>\n<h2><a href=\"http:\/\/www.deutsche-rentenversicherung-bund.de\" target=\"_blank\">Deutsche Rentenversicherung<\/a><\/h2>\n<p><a href=\"http:\/\/www.deutsche-rentenversicherung.de\/Bund\/de\/Inhalt\/2_Rente_Reha\/02_reha\/05_fachinformationen\/03_infos_fuer_reha_einrichtungen\/_downloads\/konzepte\/psychologie\/Reader.html\" target=\"_blank\"><strong>Reader Psychologie<\/strong><\/a> &#8211; aktuelle Informationen zur psychologischen Arbeit in der medizinischen Rehabilitation<\/p>\n<p><a href=\"http:\/\/www.deutsche-rentenversicherung.de\/SharedDocs\/de\/Inhalt\/Zielgruppen\/01_sozialmedizin_forschung\/02_qualitaetssicherung\/dateianhaenge\/E2_Strukturerhebungen\/2010_Brosch%C3%BCre_Strukturanforderungen.html?nn=36388\" target=\"_blank\"><strong>Strukturqualit\u00e4t von Reha-Einrichtungen <\/strong><\/a>\u2013 Anforderungen der Deutschen Rentenversicherung f\u00fcr station\u00e4re medizinische Reha-Einrichtungen<\/p>\n<p><strong><span style=\"color: #ff0000;\"><strong>Aktualisiert 2012: <\/strong><\/span>\u00a0<a href=\"http:\/\/www.deutsche-rentenversicherung.de\/Allgemein\/de\/Inhalt\/3_Fachbereiche\/01_sozialmedizin_forschung\/downloads\/konzepte_systemfragen\/dateianhaenge\/mbor_datei.html\" target=\"_blank\">Anforderungsprofil zur Durchf\u00fchrung der Medizinisch-beruflich orientierten Rehabilitation (MBOR)<\/a><\/strong><\/p>\n<p><a href=\"http:\/\/www.deutsche-rentenversicherung.de\/Allgemein\/de\/Inhalt\/3_Fachbereiche\/01_sozialmedizin_forschung\/downloads\/konzepte_systemfragen\/dateianhaenge\/Positionspapier_Reha_2010.html\" target=\"_blank\">Positionspapier Rehabilitation 2010<\/a><\/p>\n<p><a href=\"http:\/\/www.deutsche-rentenversicherung.de\/Allgemein\/de\/Navigation\/3_Fachbereiche\/01_Sozialmedizin_Forschung\/03_reha_wissenschaften\/reha_konzepte_node.html\" target=\"_blank\"><strong>Konzepte und Positionspapiere<\/strong> der DRV Bund<\/a><\/p>\n<p><strong><span style=\"color: #ff0000;\">NEU 2012:<\/span> <\/strong><a href=\"http:\/\/www.deutsche-rentenversicherung.de\/Allgemein\/de\/Navigation\/3_Fachbereiche\/01_Sozialmedizin_Forschung\/03_reha_wissenschaften\/06_reha_konzepte\/konzepte\/psychische_komorbiditaet_node.html\" target=\"_blank\">Psychische Komorbidit\u00e4t<\/a> &#8211; Leitfaden zur Implementierung eines psychodiagnostischen Stufenplans in der medizinischen Rehabilitation<\/p>\n<p><a href=\"http:\/\/www.deutsche-rentenversicherung.de\/Allgemein\/de\/Navigation\/3_Fachbereiche\/01_Sozialmedizin_Forschung\/03_reha_wissenschaften\/06_reha_konzepte\/konzepte\/indikationsspez_konzepte_node.html\" target=\"_blank\">Indikationsspezifische Konzepte zur medizinischen Rehabilitation von<strong> Erwachsenen<\/strong><\/a><\/p>\n<p><a href=\"http:\/\/www.deutsche-rentenversicherung.de\/Allgemein\/de\/Inhalt\/3_Fachbereiche\/01_sozialmedizin_forschung\/03_reha_wissenschaften\/06_reha_konzepte\/konzepte\/indikationspez_kinder.htmlhttp:\/\/\" target=\"_blank\">Indikationsspezifische Konzepte zur medizinischen Rehabilitation bei <strong>Kindern und Jugendlichen<\/strong><\/a><\/p>\n<p><a href=\"http:\/\/www.deutsche-rentenversicherung.de\/Allgemein\/de\/Inhalt\/3_Fachbereiche\/01_sozialmedizin_forschung\/downloads\/quali_strukturqualitaet\/2010_Brosch%C3%BCre_Strukturanforderungen.html\" target=\"_blank\">Anforderungsprofile f\u00fcr Rehabilitationseinrichtungen<\/a><\/p>\n<p><a href=\"http:\/\/www.deutsche-rentenversicherung.de\/Allgemein\/de\/Navigation\/3_Fachbereiche\/01_Sozialmedizin_Forschung\/02_reha_qualitaetssicherung\/ktl_node.html\" target=\"_blank\"><strong>KTL 2007<\/strong> &#8211; Klassifikation Therapeutischer Leistungen<\/a><\/p>\n<p><a href=\"http:\/\/www.deutsche-rentenversicherung.de\/Allgemein\/de\/Navigation\/3_Fachbereiche\/01_Sozialmedizin_Forschung\/02_reha_qualitaetssicherung\/reha_therapiestandards_index_node.html\" target=\"_blank\"><strong>Reha-Therapiestandards<\/strong> DRV<\/a><\/p>\n<p><a href=\"http:\/\/www.deutsche-rentenversicherung.de\/Allgemein\/de\/Inhalt\/3_Fachbereiche\/01_sozialmedizin_forschung\/03_reha_wissenschaften\/06_reha_konzepte\/konzepte\/gesundheitsbildung_index.html\" target=\"_blank\">Indikations\u00fcbergreifendes Gesundheitsf\u00f6rderungsprogramm: <strong>Aktiv Gesundheit f\u00f6rdern<\/strong><\/a><\/p>\n<p><a href=\"http:\/\/www.deutsche-rentenversicherung.de\/Allgemein\/de\/Navigation\/3_Fachbereiche\/01_Sozialmedizin_Forschung\/03_reha_wissenschaften\/06_reha_konzepte\/konzepte\/gesundheitsbildung_patientenschulung_node.html\" target=\"_blank\">Gesundheitsbildung und Patientenschulung<\/a><\/p>\n<p><strong><span style=\"color: #ff0000;\">Aktualisiert 2012:<\/span> <\/strong><a href=\"http:\/\/www.deutsche-rentenversicherung.de\/Allgemein\/de\/Inhalt\/3_Fachbereiche\/01_sozialmedizin_forschung\/01_sozialmedizin\/03_begutachtung\/psyche_verhalten_sucht.html\" target=\"_blank\">Leitlinien Sozialmedizinische Beurteilung bei psychischen St\u00f6rungen (August 2012)<\/a><\/p>\n<p>.<br \/>\n<a href=\"http:\/\/www.bar-frankfurt.de\" target=\"_blank\">Bundesarbeitsgemeinschaft f\u00fcr Rehabilitation<\/a><\/p>\n<p><a href=\"http:\/\/www.bar-frankfurt.de\/Arbeitsmaterialien_und_Verzeichnisse.bar?ActiveID=1084\" target=\"_blank\">Praxisleitfaden der Bundesarbeitsgemeinschaft f\u00fcr Rehabilitation ( <strong>BAR<\/strong>): Strategien zur<strong> Sicherung der Nachhaltigkeit von Leistungen<\/strong> zur medizinischen Rehabilitation<\/a><\/p>\n<p><strong><a href=\"http:\/\/www.bar-frankfurt.de\/Arbeitshilfen.bar\" target=\"_blank\">BAR-Arbeitshilfen<\/a><\/strong><\/p>\n<p><a href=\"http:\/\/www.bar-frankfurt.de\/Empfehlungen.bar?ActiveID=1082\" target=\"_blank\">BAR-Rahmenempfehlungen f\u00fcr die<strong> ambulante Rehabilitation<\/strong><\/a><\/p>\n","protected":false},"excerpt":{"rendered":"<p>Praxisempfehlungen Im Rahmen eines von der Deutschen Rentenversicherung Bund gef\u00f6rderten Projektes (Projektleitung: Dr. Dipl.-Psych. Christina Reese, Prof. Dr. Oskar Mittag, Universit\u00e4tsklinikum Freiburg) wurden Praxisempfehlungen f\u00fcr psychologische Interventionen in der Rehabilitation von PatientInnen mit chronischen R\u00fcckenschmerzen bzw. koronarer Herzkrankheit entwickelt. Auf &hellip; <a href=\"https:\/\/www.psychologie-aktuell.info\/reha\/service\/must-have\/\">Weiterlesen <span class=\"meta-nav\">&rarr;<\/span><\/a><\/p>\n","protected":false},"author":1,"featured_media":0,"parent":1661,"menu_order":105,"comment_status":"closed","ping_status":"closed","template":"","meta":{"footnotes":""},"class_list":["post-1857","page","type-page","status-publish","hentry"],"jetpack_shortlink":"https:\/\/wp.me\/P1fMVY-tX","jetpack_sharing_enabled":true,"_links":{"self":[{"href":"https:\/\/www.psychologie-aktuell.info\/reha\/wp-json\/wp\/v2\/pages\/1857","targetHints":{"allow":["GET"]}}],"collection":[{"href":"https:\/\/www.psychologie-aktuell.info\/reha\/wp-json\/wp\/v2\/pages"}],"about":[{"href":"https:\/\/www.psychologie-aktuell.info\/reha\/wp-json\/wp\/v2\/types\/page"}],"author":[{"embeddable":true,"href":"https:\/\/www.psychologie-aktuell.info\/reha\/wp-json\/wp\/v2\/users\/1"}],"replies":[{"embeddable":true,"href":"https:\/\/www.psychologie-aktuell.info\/reha\/wp-json\/wp\/v2\/comments?post=1857"}],"version-history":[{"count":6,"href":"https:\/\/www.psychologie-aktuell.info\/reha\/wp-json\/wp\/v2\/pages\/1857\/revisions"}],"predecessor-version":[{"id":8937,"href":"https:\/\/www.psychologie-aktuell.info\/reha\/wp-json\/wp\/v2\/pages\/1857\/revisions\/8937"}],"up":[{"embeddable":true,"href":"https:\/\/www.psychologie-aktuell.info\/reha\/wp-json\/wp\/v2\/pages\/1661"}],"wp:attachment":[{"href":"https:\/\/www.psychologie-aktuell.info\/reha\/wp-json\/wp\/v2\/media?parent=1857"}],"curies":[{"name":"wp","href":"https:\/\/api.w.org\/{rel}","templated":true}]}}