{"id":2,"date":"2012-05-27T19:40:15","date_gmt":"2012-05-27T18:40:15","guid":{"rendered":"https:\/\/www.psychologie-aktuell.info\/reha\/kontakt\/"},"modified":"2022-01-03T18:56:47","modified_gmt":"2022-01-03T17:56:47","slug":"kontakt","status":"publish","type":"page","link":"https:\/\/www.psychologie-aktuell.info\/reha\/kontakt\/","title":{"rendered":"Kontakt \/ Impressum"},"content":{"rendered":"<h3>Impressum<\/h3>\n<p>gem\u00e4\u00df \u00a7 5 <a href=\"http:\/\/de.wikipedia.org\/wiki\/Telemediengesetz\" target=\"_blank\" rel=\"noopener\">Telemediengesetz<\/a> (TMG) und \u00a7 55 II RStV<\/p>\n<p>Verantwortlicher Redakteur und Webmaster f\u00fcr die Planung, Realisierung und Betreuung der Internetinhalte sowie f\u00fcr die Administration des Weblog <strong>Psychologie &#8211; Aktuell<\/strong> (<a class=\"linkification-ext\" title=\"Linkification: https:\/\/www.psychologie-aktuell.info\" href=\"https:\/\/www.psychologie-aktuell.info\">www.psychologie-aktuell.info<\/a>,&nbsp;<a class=\"linkification-ext\" title=\"Linkification: http:\/\/www.reha-psychologie.net\" href=\"http:\/\/www.reha-psychologie.net\">www.reha-psychologie.net<\/a>) ist:<\/p>\n<p>Dieter Schmucker<br \/>\n\u00c4hrenweg 7<br \/>\nD-88326 Aulendorf<br \/>\nTel. 07525-911578<\/p>\n<p>Bitte beachten Sie, dass dieses Projekt eine allgemein zug\u00e4ngliche Informationsplattform f\u00fcr psychologische Informationen darstellt &#8211; eine individuelle und qualifizierte pers\u00f6nliche psychologische Beratung kann und darf in diesem Rahmen jedoch nicht geleistet werden.<\/p>\n<p>F\u00fcr weitergehende Fragen zu konkreten gesundheitlichen Fragen oder pers\u00f6nlichen Problemen wenden Sie sich bitte an einen spezialisierten Arzt oder psychologischen Psychotherapeuten, um das Risiko von gesundheitlichen Sch\u00e4den zu minimieren.<\/p>\n<p>Diese Seite soll eine Unterst\u00fctzung bei der t\u00e4glichen Arbeit von Psychologen in Rehakliniken darstellen, nicht mehr und nicht weniger.<br \/>\nFalls Sie Fragen, Kritik oder Anregungen zu diesem Internetprojekt haben, dann senden Sie mir bitte eine E-Mail an <a class=\"linkification-ext\" title=\"Linkification: mailto:info@psychologie-aktuell.info\" href=\"mailto:info@psychologie-aktuell.info\">info@psychologie-aktuell.info<\/a><\/p>\n<p>&#8212;&#8212;&#8212;&#8212;&#8212;&#8212;&#8212;&#8212;&#8212;&#8212;&#8212;&#8212;&#8212;&#8212;&#8212;&#8212;&#8212;&#8212;&#8212;&#8212;&#8212;&#8212;&#8212;&#8212;&#8212;&#8212;<\/p>\n<p><strong>Haftung f\u00fcr Inhalte<\/strong><\/p>\n<p>Die Inhalte unserer Seiten wurden mit gr\u00f6\u00dfter Sorgfalt erstellt.<br \/>\nF\u00fcr die Richtigkeit, Vollst\u00e4ndigkeit und Aktualit\u00e4t der Inhalte k\u00f6nnen wir jedoch keine Gew\u00e4hr \u00fcbernehmen. Als Diensteanbieter sind wir gem\u00e4\u00df \u00a7 7 Abs.1 TMG f\u00fcr eigene Inhalte auf diesen Seiten nach den allgemeinen Gesetzen verantwortlich.<br \/>\nNach \u00a7\u00a7 8 bis 10 TMG sind wir als Diensteanbieter jedoch nicht verpflichtet, \u00fcbermittelte oder gespeicherte fremde Informationen zu \u00fcberwachen oder nach Umst\u00e4nden zu forschen, die auf eine rechtswidrige T\u00e4tigkeit hinweisen. Verpflichtungen zur Entfernung oder Sperrung der Nutzung von Informationen nach den allgemeinen Gesetzen bleiben hiervon unber\u00fchrt. Eine diesbez\u00fcgliche Haftung ist jedoch erst ab dem Zeitpunkt der Kenntnis einer konkreten Rechtsverletzung m\u00f6glich. Bei Bekanntwerden von entsprechenden Rechtsverletzungen werden wir diese Inhalte umgehend entfernen.<\/p>\n<p><strong>Haftung f\u00fcr Links<\/strong><\/p>\n<p>Unser Angebot enth\u00e4lt Links zu externen Webseiten Dritter, auf deren Inhalte wir keinen Einfluss haben. Deshalb k\u00f6nnen wir f\u00fcr diese fremden Inhalte auch keine Gew\u00e4hr \u00fcbernehmen. F\u00fcr die Inhalte der verlinkten Seiten ist stets der jeweilige Anbieter oder Betreiber der Seiten verantwortlich. Die verlinkten Seiten wurden zum Zeitpunkt der Verlinkung auf m\u00f6gliche Rechtsverst\u00f6\u00dfe \u00fcberpr\u00fcft. Rechtswidrige Inhalte waren zum Zeitpunkt der Verlinkung nicht erkennbar. Eine permanente inhaltliche Kontrolle der verlinkten Seiten ist jedoch ohne konkrete Anhaltspunkte einer Rechtsverletzung nicht zumutbar. Bei Bekanntwerden von Rechtsverletzungen werden wir derartige Links umgehend entfernen.<\/p>\n<p><strong>Urheberrecht<\/strong><\/p>\n<p>Die durch die Seitenbetreiber erstellten Inhalte und Werke auf diesen Seiten unterliegen dem deutschen Urheberrecht. Die Vervielf\u00e4ltigung, Bearbeitung, Verbreitung und jede Art der Verwertung au\u00dferhalb der Grenzen des Urheberrechtes bed\u00fcrfen der schriftlichen Zustimmung des jeweiligen Autors bzw. Erstellers. Downloads und Kopien dieser Seite sind nur f\u00fcr den privaten, nicht kommerziellen Gebrauch gestattet. Soweit die Inhalte auf dieser Seite nicht vom Betreiber erstellt wurden, werden die Urheberrechte Dritter beachtet. Insbesondere werden Inhalte Dritter als solche gekennzeichnet. Sollten Sie trotzdem auf eine Urheberrechtsverletzung aufmerksam werden, bitten wir um einen entsprechenden Hinweis.<br \/>\nBei Bekanntwerden von Rechtsverletzungen werden wir derartige Inhalte umgehend entfernen.<\/p>\n<p><strong>Datenschutz<\/strong><\/p>\n<p><em>(Die ausf\u00fchrliche Datenschutzerkl\u00e4rung finden Sie hier.)<\/em><\/p>\n<p>Die Nutzung unserer Webseite ist in der Regel ohne Angabe personenbezogener Daten m\u00f6glich. Soweit auf unseren Seiten personenbezogene Daten (beispielsweise Name, Anschrift oder eMail-Adressen) erhoben werden, erfolgt dies, soweit m\u00f6glich, stets auf freiwilliger Basis. Diese Daten werden ohne Ihre ausdr\u00fcckliche Zustimmung nicht an Dritte weitergegeben.<\/p>\n<p>Wir weisen darauf hin, dass die Daten\u00fcbertragung im Internet (z.B. bei der Kommunikation per E-Mail) Sicherheitsl\u00fccken aufweisen kann. Ein l\u00fcckenloser Schutz der Daten vor dem Zugriff durch Dritte ist nicht<br \/>\nm\u00f6glich.<\/p>\n<p>Der Nutzung von im Rahmen der Impressumspflicht ver\u00f6ffentlichten Kontaktdaten durch Dritte zur \u00dcbersendung von nicht ausdr\u00fccklich angeforderter Werbung und Informationsmaterialien wird hiermit ausdr\u00fccklich widersprochen.<br \/>\nDie Betreiber der Seiten behalten sich ausdr\u00fccklich rechtliche Schritte im Falle der unverlangten Zusendung von Werbeinformationen, etwa durch Spam-Mails, vor.<\/p>\n<p><em>Quellenangaben: <a href=\"http:\/\/www.e-recht24.de\/muster-disclaimer.htm\" target=\"_blank\" rel=\"noopener\">Disclaimer<\/a> von eRecht24, dem Portal zum Internetrecht von Rechtsanwalt S\u00f6ren Siebert, <a href=\"http:\/\/www.e-recht24.de\/artikel\/datenschutz\/6590-facebook-like-button-datenschutz-disclaimer.html\" target=\"_blank\" rel=\"noopener\">eRecht24 Facebook Datenschutzerkl\u00e4rung<\/a><\/em><\/p>\n<p>Die Seite wird gehostet von: <a href=\"https:\/\/all-inkl.com\/PA1BAC54A30D2B5\">all-inkl<\/a><\/p>\n<p>Teilweise werden auf dieser Seite Bilder von der Bilderdatenbank pixelio (<a href=\"http:\/\/www.pixelio.de\" target=\"_blank\" rel=\"noopener\">www.pixelio.de<\/a>) verwendet. Diese Bilder sind dann jeweils mit dem Namen des Fotografen und dem Hinweis auf pixelio (\u00a9 Fotografenname \/ PIXELIO) gekennzeichnet.<\/p>\n<div class=\"box580-content\">\n<div id=\"all-inkl_banner_115x23_logo_small\" class=\"codebanner\">&nbsp;<\/div>\n<\/div>\n<div class=\"box580-footer\">&nbsp;<\/div>\n","protected":false},"excerpt":{"rendered":"<p>Impressum gem\u00e4\u00df \u00a7 5 Telemediengesetz (TMG) und \u00a7 55 II RStV Verantwortlicher Redakteur und Webmaster f\u00fcr die Planung, Realisierung und Betreuung der Internetinhalte sowie f\u00fcr die Administration des Weblog Psychologie &#8211; Aktuell (www.psychologie-aktuell.info,&nbsp;www.reha-psychologie.net) ist: Dieter Schmucker \u00c4hrenweg 7 D-88326 Aulendorf &hellip; <a href=\"https:\/\/www.psychologie-aktuell.info\/reha\/kontakt\/\">Weiterlesen <span class=\"meta-nav\">&rarr;<\/span><\/a><\/p>\n","protected":false},"author":1,"featured_media":0,"parent":0,"menu_order":13,"comment_status":"closed","ping_status":"closed","template":"","meta":{"footnotes":""},"class_list":["post-2","page","type-page","status-publish","hentry"],"jetpack_shortlink":"https:\/\/wp.me\/P1fMVY-2","jetpack_sharing_enabled":true,"_links":{"self":[{"href":"https:\/\/www.psychologie-aktuell.info\/reha\/wp-json\/wp\/v2\/pages\/2","targetHints":{"allow":["GET"]}}],"collection":[{"href":"https:\/\/www.psychologie-aktuell.info\/reha\/wp-json\/wp\/v2\/pages"}],"about":[{"href":"https:\/\/www.psychologie-aktuell.info\/reha\/wp-json\/wp\/v2\/types\/page"}],"author":[{"embeddable":true,"href":"https:\/\/www.psychologie-aktuell.info\/reha\/wp-json\/wp\/v2\/users\/1"}],"replies":[{"embeddable":true,"href":"https:\/\/www.psychologie-aktuell.info\/reha\/wp-json\/wp\/v2\/comments?post=2"}],"version-history":[{"count":6,"href":"https:\/\/www.psychologie-aktuell.info\/reha\/wp-json\/wp\/v2\/pages\/2\/revisions"}],"predecessor-version":[{"id":14409,"href":"https:\/\/www.psychologie-aktuell.info\/reha\/wp-json\/wp\/v2\/pages\/2\/revisions\/14409"}],"wp:attachment":[{"href":"https:\/\/www.psychologie-aktuell.info\/reha\/wp-json\/wp\/v2\/media?parent=2"}],"curies":[{"name":"wp","href":"https:\/\/api.w.org\/{rel}","templated":true}]}}