{"id":2667,"date":"2010-11-01T12:52:33","date_gmt":"2010-11-01T10:52:33","guid":{"rendered":"http:\/\/www.psychologie-aktuell.info\/reha\/"},"modified":"2014-05-20T22:27:38","modified_gmt":"2014-05-20T20:27:38","slug":"jahrestagung-2011","status":"publish","type":"page","link":"https:\/\/www.psychologie-aktuell.info\/reha\/ak-reha\/jahrestagungen\/jahrestagung-2011\/","title":{"rendered":"JT 2011"},"content":{"rendered":"<p>Die <strong>30. Jahrestagung <\/strong>fand zum zweiten Mal gemeinsam mit der <a href=\"http:\/\/www.bdp-klinische-psychologie.de\/fachgruppen\/gruppe9.shtml\" target=\"_blank\"><strong>Fachgruppe Klinische Psychologen im Allgemeinkrankenhaus<\/strong><\/a> statt. Die erste gemeinsame Tagung war 1982, die zugleich die erste &#8222;offizielle&#8220; Tagung, nach mehreren Treffen im Rahmen der Gr\u00fcndung, der Rehapsychologen war.<\/p>\n<p>Gemeinsam haben wir uns auf der Tagung mit der gesamten Behandlung besch\u00e4ftigt, also den Blick gel\u00f6st von der relativ kurzen Zeit der station\u00e4ren Behandlung und die unterschiedlichen Strukturen auch aus Betroffenensicht angeschaut. Welche Gemeinsamkeiten gibt es in der Behandlung, wo sind Schnittstellen, aber uns auch die\u00a0 Probleme der Versorgung im \u00dcbergang vom Krankenhaus, \u00fcber die Rehaklinik bis zur ambulanten Nachsorge vorgenommen.<\/p>\n<h3>Psychologische Behandlung im Krankheitsverlauf<br \/>\nAkutversorgung &#8211; Rehabilitation &#8211; Nachsorge<\/h3>\n<h3>vom 14. &#8211; 16. Oktober 2011<\/h3>\n<p>im Bildungszentrum Erkner in der N\u00e4he von Berlin statt.<\/p>\n<p>Die Einladungsunterlagen stehen hier als download zur Verf\u00fcgung:<\/p>\n<ul>\n<li><span style=\"color: #000000;\"><strong>[download id=&#8220;13059&#8243;]<\/strong><\/span><\/li>\n<li><strong>[download id=&#8220;13055&#8243;]<\/strong><\/li>\n<li><strong>[download id=&#8220;13061&#8243;]<\/strong><\/li>\n<\/ul>\n<p>&nbsp;<\/p>\n<p><strong>Vortr\u00e4ge<\/strong>:<\/p>\n<ul>\n<li>[download id=&#8220;13293&#8243;]<\/li>\n<li>Psychologische Beratung und Behandlung von Tumorpatienten: State of the Art (Prof. J. Weis)<\/li>\n<li>\u201eAlles aus einer Hand\u201c \u2013 Das Konzept der Gesetzlichen Unfallversicherung zur Pr\u00e4vention und Rehabilitation bei psychischen St\u00f6rungen (D. Scholtysik)<\/li>\n<li>Berufsbezogene Gruppen in der medizinisch-beruflich orientierten Rehabilitation (M. Bethge)<\/li>\n<li>[download id=&#8220;13299&#8243;]<\/li>\n<li>[download id=&#8220;13303&#8243;]<\/li>\n<li>[download id=&#8220;13305&#8243;]<\/li>\n<li>[download id=&#8220;13295&#8243;]<\/li>\n<li>[download id=&#8220;13297&#8243;]<\/li>\n<\/ul>\n<p>&nbsp;<\/p>\n<p><strong>Workshops<br \/>\n<\/strong><\/p>\n<ul>\n<li>Sozialmedizin f\u00fcr Psychologen \u2013 (Dr. Derra)<\/li>\n<li>Psychopharmakologie \u2013 (Dr. Frittrang)<strong><br \/>\n<\/strong><\/li>\n<li>Beratung und Tabakentw\u00f6hnung: Praxiserprobte Umsetzung und Qualifizierung (Rustler, Lindiger, H\u00fclsmann, Sa\u00df)<strong><br \/>\n<\/strong><\/li>\n<li>Resilienzst\u00e4rkende Interventionen bei onkologischen Erkrankungen (Diegelmann &amp; Isermann)<\/li>\n<li>\u00a0Schmerz-Edukation: Bio-psycho-soziale Zusammenh\u00e4nge von chronischen Schmerzen vermitteln \u2013 aber wie?\u00a0 (Nobis)<\/li>\n<li>Beruf und Stresskompetenz (BUSKO): Konflikte &amp; Probleme analysieren und l\u00f6sen\u00a0 (Dr. K\u00fcch)<\/li>\n<li>Hypnotherapie in Krankenhaus und Rehabilitation (Lang)<\/li>\n<li>Wege zum Wohlbefinden (Dr. R. Frank)<\/li>\n<li>Burn-out-Syndrom- \u201eGefangen im Hamsterrad\u201c (Weinmann)<\/li>\n<\/ul>\n<p>&nbsp;<\/p>\n<p><strong>Podiumsdiskussion<\/strong>: Nachhaltigkeit in der Rehabilitation \u2013 auch bei psychischen Erkrankungen?<\/p>\n<ul>\n<li>Moderation: Andigoni Mariolakou &amp; Dieter Schmucker<\/li>\n<li>Dr. Buschmann-Steinhage (DRV Bund, Berlin)<\/li>\n<li>Dr. Munz (Bundespsychotherapeutenkammer, Berlin)<\/li>\n<li>K. Mei\u00dfler (Frauenselbsthilfe nach Krebs, Bonn)<\/li>\n<li>Dr. Schulte (Klinik Bad Oexen)<\/li>\n<li>Dipl.-Psych. K.-W. H\u00f6ffler (Klinik Aukammtal, Wiesbaden)<\/li>\n<\/ul>\n<p>&nbsp;<\/p>\n<p><strong>weiteres Programm:<\/strong><\/p>\n<ul>\n<li>Posterausstellung<\/li>\n<li>B\u00fcchertisch Deutscher Psychologen Verlag, Berlin<\/li>\n<li>Treffen Leitende\/r Psychologen\/innen<\/li>\n<li>Treffen Anf\u00e4nger\/innen in der Reha<\/li>\n<li>La Musica \u2013 Tanz und Bewegung (Dr. Dieter K\u00fcch)<\/li>\n<li>Kongressfest mit Buffet und anschlie\u00dfender Disco mit DJ Rainer, G\u00f6ttingen<\/li>\n<\/ul>\n<p>&nbsp;<\/p>\n<p><strong>Mitgliederversammlungen:<\/strong><\/p>\n<ul>\n<li>AK Klinische Psychologie in der Rehabilitation &#8211; [download id=&#8220;13301&#8243;]<\/li>\n<li>Fachgruppe Klinische Psychologen im Allgemeinkrankenhaus<\/li>\n<\/ul>\n<p><a href=\"http:\/\/www.bdp-klinische-psychologie.de\/\">www.bdp-klinische-psychologie.de<\/a><\/p>\n<p>&nbsp;<\/p>\n","protected":false},"excerpt":{"rendered":"<p>Die 30. Jahrestagung fand zum zweiten Mal gemeinsam mit der Fachgruppe Klinische Psychologen im Allgemeinkrankenhaus statt. Die erste gemeinsame Tagung war 1982, die zugleich die erste &#8222;offizielle&#8220; Tagung, nach mehreren Treffen im Rahmen der Gr\u00fcndung, der Rehapsychologen war. Gemeinsam haben &hellip; <a href=\"https:\/\/www.psychologie-aktuell.info\/reha\/ak-reha\/jahrestagungen\/jahrestagung-2011\/\">Weiterlesen <span class=\"meta-nav\">&rarr;<\/span><\/a><\/p>\n","protected":false},"author":1,"featured_media":0,"parent":2688,"menu_order":32,"comment_status":"closed","ping_status":"closed","template":"","meta":{"footnotes":""},"class_list":["post-2667","page","type-page","status-publish","hentry"],"jetpack_shortlink":"https:\/\/wp.me\/P1fMVY-H1","jetpack_sharing_enabled":true,"_links":{"self":[{"href":"https:\/\/www.psychologie-aktuell.info\/reha\/wp-json\/wp\/v2\/pages\/2667","targetHints":{"allow":["GET"]}}],"collection":[{"href":"https:\/\/www.psychologie-aktuell.info\/reha\/wp-json\/wp\/v2\/pages"}],"about":[{"href":"https:\/\/www.psychologie-aktuell.info\/reha\/wp-json\/wp\/v2\/types\/page"}],"author":[{"embeddable":true,"href":"https:\/\/www.psychologie-aktuell.info\/reha\/wp-json\/wp\/v2\/users\/1"}],"replies":[{"embeddable":true,"href":"https:\/\/www.psychologie-aktuell.info\/reha\/wp-json\/wp\/v2\/comments?post=2667"}],"version-history":[{"count":3,"href":"https:\/\/www.psychologie-aktuell.info\/reha\/wp-json\/wp\/v2\/pages\/2667\/revisions"}],"predecessor-version":[{"id":8132,"href":"https:\/\/www.psychologie-aktuell.info\/reha\/wp-json\/wp\/v2\/pages\/2667\/revisions\/8132"}],"up":[{"embeddable":true,"href":"https:\/\/www.psychologie-aktuell.info\/reha\/wp-json\/wp\/v2\/pages\/2688"}],"wp:attachment":[{"href":"https:\/\/www.psychologie-aktuell.info\/reha\/wp-json\/wp\/v2\/media?parent=2667"}],"curies":[{"name":"wp","href":"https:\/\/api.w.org\/{rel}","templated":true}]}}