{"id":2688,"date":"2010-11-01T13:13:05","date_gmt":"2010-11-01T11:13:05","guid":{"rendered":"http:\/\/www.psychologie-aktuell.info\/reha\/?page_id=2688"},"modified":"2016-12-27T11:09:33","modified_gmt":"2016-12-27T10:09:33","slug":"jahrestagungen","status":"publish","type":"page","link":"https:\/\/www.psychologie-aktuell.info\/reha\/ak-reha\/jahrestagungen\/","title":{"rendered":"Jahrestagungen"},"content":{"rendered":"<h3>Jahrestagungen des AK Klinische Psychologie in der Rehabilitation<\/h3>\n<p>Der Arbeitskreis Klinische Psychologie in der Rehabilitation (Fachgruppe der Sektion Klinische Psychologie im Berufsverband Deutscher Psychologinnen und Psychologen BDP e.V.) f\u00fchrt jedes Jahr eine Tagung durch, die dem fachlichen Informationsaustausch dient, aber auch dem gegenseitigen Kennenlernen und dem Erfahrungsaustausch gen\u00fcgend Raum l\u00e4sst.<br \/>\nSeit 2003 findet die Jahrestagung im <a href=\"http:\/\/www.bz-erkner.com\/\" target=\"_blank\">Bildungszentrum Erkner<\/a> bei Berlin statt.<\/p>\n<h3>Themen der bisherigen Jahrestagungen<\/h3>\n<div class=\"polyvision_credit_link\">\n<table class=\"easy-table-creator tablesorter\" style=\"width: 100%;\">\n<thead>\n<tr>\n<th style=\"text-align: left;\">Jahr<\/th>\n<th>Tagungsthema<\/th>\n<\/tr>\n<\/thead>\n<tbody>\n<tr>\n<td>2017<\/td>\n<td>Psychologische Interventionen bei Verlusten und Verletzungen<\/td>\n<\/tr>\n<tr>\n<td>2016<\/td>\n<td>Rehabilitation \u2013 Balance zwischen m\u00fcssen und wollen<\/td>\n<\/tr>\n<tr>\n<td>2015<\/td>\n<td>Rehabilitation \u2013 positiv, ressourcenorientiert, humorvoll?<\/td>\n<\/tr>\n<tr>\n<td>2014<\/td>\n<td>Optimierung der Rehabilitation \u2013 Beitr\u00e4ge der Psychologie<\/td>\n<\/tr>\n<tr>\n<td>2013<\/td>\n<td>(Selbst-)Konzepte bei ver\u00e4nderten Lebensbedingungen<\/td>\n<\/tr>\n<tr>\n<td>2012<\/td>\n<td>Behandlungsschwerpunkte in der somatischen Rehabilitation<\/td>\n<\/tr>\n<tr>\n<td><strong>2011<\/strong><\/td>\n<td><strong>Psychologische Behandlung im Krankheitsverlauf<\/strong><\/td>\n<\/tr>\n<tr>\n<td>2010<\/td>\n<td>Trends in der medizinischen Rehabilitation<\/td>\n<\/tr>\n<tr>\n<td>2009<\/td>\n<td>Psychische St\u00f6rungen in der somatischen Rehabilitation<\/td>\n<\/tr>\n<tr>\n<td>2008<\/td>\n<td>Belastung, Stress, Burnout \u2013 Therapie und Pr\u00e4vention<\/td>\n<\/tr>\n<tr>\n<td>2007<\/td>\n<td>Motivierung zur Lebenstil\u00e4nderung &#8211; Konzepte und Strategien<\/td>\n<\/tr>\n<tr>\n<td>2006<\/td>\n<td>Reha-Psychologie im Wandel<\/td>\n<\/tr>\n<tr>\n<td>2005<\/td>\n<td>Psychologische Diagnostik<\/td>\n<\/tr>\n<tr>\n<td>2004<\/td>\n<td>Psychologische Gesundheitsf\u00f6rderung in der Rehabilitation<\/td>\n<\/tr>\n<tr>\n<td>2003<\/td>\n<td>Rehabilitation und sozialer Kontext<\/td>\n<\/tr>\n<tr>\n<td>2002<\/td>\n<td>Berufliche Belastungen und berufliche Integration<\/td>\n<\/tr>\n<tr>\n<td><strong>2001<\/strong><\/td>\n<td><strong>Motivation<\/strong><\/td>\n<\/tr>\n<tr>\n<td>2000<\/td>\n<td>Anpassungsst\u00f6rungen \u2013 Ver\u00e4nderungspotentiale<\/td>\n<\/tr>\n<tr>\n<td>1999<\/td>\n<td>Kompetenz und Qualit\u00e4t Klinischer Psychologie in der Rehabilitation<\/td>\n<\/tr>\n<tr>\n<td>1998<\/td>\n<td>Somatoforme St\u00f6rungen<\/td>\n<\/tr>\n<tr>\n<td>1997<\/td>\n<td>Rehabilitation &#8211; quo vadis?<\/td>\n<\/tr>\n<tr>\n<td>1996<\/td>\n<td>Psychologische Gruppenarbeit in der Rehabilitation<\/td>\n<\/tr>\n<tr>\n<td>1995<\/td>\n<td>Angst und Depression<\/td>\n<\/tr>\n<tr>\n<td>1994<\/td>\n<td>Psychotherapie in Rehabilitationseinrichtungen<\/td>\n<\/tr>\n<tr>\n<td>1993<\/td>\n<td>Die Norm des Gesundseins<\/td>\n<\/tr>\n<tr>\n<td>1992<\/td>\n<td>Modelle der Rehabilitation<\/td>\n<\/tr>\n<tr>\n<td><strong>1991<\/strong><\/td>\n<td><strong>Schmerz<\/strong><\/td>\n<\/tr>\n<tr>\n<td>1990<\/td>\n<td>Psychoimmunologie und \u00dcberforderungssyndrom (Stress)<\/td>\n<\/tr>\n<tr>\n<td>1989<\/td>\n<td>Transparenz Psychologischer T\u00e4tigkeit f\u00fcr \u00c4rzte und Pflegepersonal an Rehabilitationskliniken<\/td>\n<\/tr>\n<tr>\n<td>1988<\/td>\n<td>Zusammenarbeit von Klinischen Psychologen mit anderen Berufsgruppen in Rehabilitationskliniken<\/td>\n<\/tr>\n<tr>\n<td>1987<\/td>\n<td>Der Psychologe in der Rehabilitationsklinik &#8211; Aufgabengebiete, fachspezifische Kompetenzen, interdisziplin\u00e4re Zusammenarbeit, Erfolge psychologischer T\u00e4tigkeit<\/td>\n<\/tr>\n<tr>\n<td>1986<\/td>\n<td>Psychologie des genussvollen Erlebens und Handelns &#8211; in ihrer klinischen Anwendung<\/td>\n<\/tr>\n<tr>\n<td>1985<\/td>\n<td>Psychologische Ans\u00e4tze in der Behandlung von Schmerz und Krebs<\/td>\n<\/tr>\n<tr>\n<td>1984<\/td>\n<td>Autogenes Training, Progressive Relaxation, Stressbew\u00e4ltigungstraining im Rahmen klinisch-psychologischer Behandlung<\/td>\n<\/tr>\n<tr>\n<td>1983<\/td>\n<td>Problempatienten in der Kurklinik<\/td>\n<\/tr>\n<tr>\n<td>1982<\/td>\n<td>Selbstverst\u00e4ndnis und Rollenproblematik der Psychologen in Kurklinik und Krankenhaus<\/td>\n<\/tr>\n<\/tbody>\n<\/table>\n<\/div>\n","protected":false},"excerpt":{"rendered":"<p>Jahrestagungen des AK Klinische Psychologie in der Rehabilitation Der Arbeitskreis Klinische Psychologie in der Rehabilitation (Fachgruppe der Sektion Klinische Psychologie im Berufsverband Deutscher Psychologinnen und Psychologen BDP e.V.) f\u00fchrt jedes Jahr eine Tagung durch, die dem fachlichen Informationsaustausch dient, aber &hellip; <a href=\"https:\/\/www.psychologie-aktuell.info\/reha\/ak-reha\/jahrestagungen\/\">Weiterlesen <span class=\"meta-nav\">&rarr;<\/span><\/a><\/p>\n","protected":false},"author":1,"featured_media":0,"parent":134,"menu_order":25,"comment_status":"closed","ping_status":"closed","template":"","meta":{"footnotes":""},"class_list":["post-2688","page","type-page","status-publish","hentry"],"jetpack_shortlink":"https:\/\/wp.me\/P1fMVY-Hm","jetpack_sharing_enabled":true,"_links":{"self":[{"href":"https:\/\/www.psychologie-aktuell.info\/reha\/wp-json\/wp\/v2\/pages\/2688","targetHints":{"allow":["GET"]}}],"collection":[{"href":"https:\/\/www.psychologie-aktuell.info\/reha\/wp-json\/wp\/v2\/pages"}],"about":[{"href":"https:\/\/www.psychologie-aktuell.info\/reha\/wp-json\/wp\/v2\/types\/page"}],"author":[{"embeddable":true,"href":"https:\/\/www.psychologie-aktuell.info\/reha\/wp-json\/wp\/v2\/users\/1"}],"replies":[{"embeddable":true,"href":"https:\/\/www.psychologie-aktuell.info\/reha\/wp-json\/wp\/v2\/comments?post=2688"}],"version-history":[{"count":9,"href":"https:\/\/www.psychologie-aktuell.info\/reha\/wp-json\/wp\/v2\/pages\/2688\/revisions"}],"predecessor-version":[{"id":11952,"href":"https:\/\/www.psychologie-aktuell.info\/reha\/wp-json\/wp\/v2\/pages\/2688\/revisions\/11952"}],"up":[{"embeddable":true,"href":"https:\/\/www.psychologie-aktuell.info\/reha\/wp-json\/wp\/v2\/pages\/134"}],"wp:attachment":[{"href":"https:\/\/www.psychologie-aktuell.info\/reha\/wp-json\/wp\/v2\/media?parent=2688"}],"curies":[{"name":"wp","href":"https:\/\/api.w.org\/{rel}","templated":true}]}}