{"id":3972,"date":"2011-08-26T16:30:56","date_gmt":"2011-08-26T14:30:56","guid":{"rendered":"http:\/\/www.psychologie-aktuell.info\/reha\/?page_id=3972"},"modified":"2015-09-30T19:25:14","modified_gmt":"2015-09-30T17:25:14","slug":"tagungsbande","status":"publish","type":"page","link":"https:\/\/www.psychologie-aktuell.info\/reha\/mitgliederbereich\/ak-mitglieder\/tagungsbande\/","title":{"rendered":"Tagungsb\u00e4nde JT"},"content":{"rendered":"<p>Seit 1987 werden die Beitr\u00e4ge der Jahrestagungen ver\u00f6ffentlicht.<\/p>\n<p style=\"padding-left: 30px;\">Band 1 &#8211; 6 (1987-1993) sind zum Aktionspreis (zusammen 15 Euro, incl. Versand &#8211; Vorkasse per Verrechnungsscheck) zu beziehen \u00fcber<br \/>\n<strong>Dipl.-Psych. Heiner Vogel, Institut f\u00fcr Psychotherapie und Medizinische Psychologie, Arbeitsbereich Rehabilitationswissenschaft, Universit\u00e4t W\u00fcrzburg, Klinikstra\u00dfe 3, 97070 W\u00fcrzburg, <\/strong><br \/>\nTel.: 0931-312718, Fax: 0931-888-7117.<br \/>\nEmail: <a href=\"mailto:h.vogel@mail.uni-wuerzburg.de\">h.vogel@mail.uni-wuerzburg.de<\/a><\/p>\n<p>Die Tagungsb\u00e4nde von 1994 bis 1997 sind im <a href=\"http:\/\/www.roderer-verlag.de\/shop\/index.php?tree=019015\" target=\"_blank\">Roderer-Verlag<\/a>, Regensburg erschienen.<\/p>\n<p>Seit 1998 erscheinen die Tagungsb\u00e4nde beim <a href=\"http:\/\/www.psychologenverlag.de\/\" target=\"_blank\">Deutschen Psychologen Verlag<\/a>, Bonn.<\/p>\n<p style=\"padding-left: 30px;\">Die Tagungsb\u00e4nde ab 2003, die im Deutschen Psychologen Verlag (DPV) erschienen sind, k\u00f6nnen hier kostenlos als pdf-Datei heruntergeladen werden. Wir danken dem DPV f\u00fcr die Freigabe der Dateien und die unkomplizierte Zusammenarbeit. Einige Ausgaben k\u00f6nnen auch noch beim <a href=\"http:\/\/www.psychologenverlag.de\/index.php\/cat\/c22_Rehabilitation.html\" target=\"_blank\">DPV als gedruckte Ausgabe <\/a>bezogen werden.<\/p>\n<p>&nbsp;<\/p>\n<table class=\"easy-table-creator tablesorter\" style=\"width: 100%;\">\n<thead>\n<tr>\n<th>Tagung<\/th>\n<th>Thema<\/th>\n<th>Tagungsband<\/th>\n<\/tr>\n<\/thead>\n<tbody>\n<tr>\n<td>2003<\/td>\n<td>REHABILITATION UND SOZIALER KONTEXT<\/td>\n<td>\u00a0[download id=13067]<\/td>\n<\/tr>\n<tr>\n<td>2004<\/td>\n<td>PSYCHOLOGISCHE GESUNDHEITSF\u00d6RDERUNG IN DER REHABILITATION<\/td>\n<td>\u00a0[download id=13069]<\/td>\n<\/tr>\n<tr>\n<td>2005<\/td>\n<td>PSYCHOLOGISCHE DIAGNOSTIK \u2013 Weichenstellung f\u00fcr den Reha-Verlauf<\/td>\n<td>\u00a0[download id=13071]<\/td>\n<\/tr>\n<tr>\n<td>2006<\/td>\n<td>25. Jahrestagung! Reha-Psychologie im Wandel<br \/>\n(Band enth\u00e4lt viele Bilder &#8211; ca. 12 MB)<\/td>\n<td>\u00a0[download id=13073]<\/td>\n<\/tr>\n<tr>\n<td>2007<\/td>\n<td>MOTIVIERUNG ZUR LEBENSSTIL\u00c4NDERUNG \u2013 Strategien und Konzepte<\/td>\n<td>\u00a0[download id=13075]<\/td>\n<\/tr>\n<tr>\n<td>2008<\/td>\n<td>BELASTUNG STRESS BURNOUT \u2013 Therapie und Pr\u00e4vention<\/td>\n<td>\u00a0[download id=13077]<\/td>\n<\/tr>\n<tr>\n<td>2009<\/td>\n<td>Psychische St\u00f6rungen in der somatischen Rehabilitation<\/td>\n<td>\u00a0[download id=13079]<\/td>\n<\/tr>\n<tr>\n<td>2010<\/td>\n<td>Trends in der medizinischen Rehabilitation<\/td>\n<td>\u00a0[download id=13081]<\/td>\n<\/tr>\n<tr>\n<td>2011<\/td>\n<td>Psychologische Behandlung im Krankheitsverlauf<\/td>\n<td>\u00a0[download id=13554]<\/td>\n<\/tr>\n<tr>\n<td>2012<\/td>\n<td>Behandlungsschwerpunkte in der somatischen Rehabilitation<\/td>\n<td>\u00a0[download id=13556]<\/td>\n<\/tr>\n<tr>\n<td>2013<\/td>\n<td>(Selbst-)Konzepte bei ver\u00e4nderten Lebensbedingungen<\/td>\n<td>\u00a0[download id=13558]<\/td>\n<\/tr>\n<tr>\n<td>2014<\/td>\n<td>Optimierung der Rehabilitation \u2013 Beitr\u00e4ge der Psychologie<\/td>\n<td>[download id=13596]<\/td>\n<\/tr>\n<tr>\n<td>2015<\/td>\n<td>Rehabilitation \u2013 positiv, ressourcenorientiert, humorvoll?<\/td>\n<td>[download id=13626]<\/td>\n<\/tr>\n<\/tbody>\n<\/table>\n<p>&nbsp;<\/p>\n<p>&nbsp;<\/p>\n<table border=\"0\" width=\"600\" cellspacing=\"15\" cellpadding=\"10\">\n<tbody>\n<tr>\n<td valign=\"top\"><strong>2013<\/strong><\/td>\n<td valign=\"top\">Arbeitskreis Klinische Psychologie in der Rehabilitation (BDP) (Hrsg.)<b><br \/>\n(Selbst-)Konzepte bei ver\u00e4nderten Lebensbedingungen.<\/b><br \/>\nBeitr\u00e4ge zur 32. Jahrestagung, Bonn: Deutscher Psychologen Verlag.<\/td>\n<\/tr>\n<tr>\n<td valign=\"top\"><strong>2012<\/strong><\/td>\n<td valign=\"top\">Arbeitskreis Klinische Psychologie in der Rehabilitation (BDP) (Hrsg.)<b><br \/>\nBehandlungsschwerpunkte in der somatischen Rehabilitation.<\/b><br \/>\nBeitr\u00e4ge zur 31. Jahrestagung, Bonn: Deutscher Psychologen Verlag.<\/td>\n<\/tr>\n<tr>\n<td valign=\"top\"><strong>2011<\/strong><\/td>\n<td valign=\"top\">Arbeitskreis Klinische Psychologie in der Rehabilitation (BDP) (Hrsg.)<b><br \/>\nPsychologische Betreuung im Krankheitsverlauf.<br \/>\n<\/b>Beitr\u00e4ge zur 30. Jahrestagung, Bonn: Deutscher Psychologen Verlag.<\/td>\n<\/tr>\n<tr>\n<td valign=\"top\"><strong>2010<\/strong><\/td>\n<td valign=\"top\">Arbeitskreis Klinische Psychologie in der Rehabilitation (BDP) (Hrsg.)<b><br \/>\nTrends in der medizinischen Rehabilitation.<\/b><br \/>\nBeitr\u00e4ge zur 29. Jahrestagung, Bonn: Deutscher Psychologen Verlag.<\/td>\n<\/tr>\n<tr>\n<td valign=\"top\"><strong>2009<\/strong><\/td>\n<td valign=\"top\">Arbeitskreis Klinische Psychologie in der Rehabilitation (BDP) (Hrsg.)<b><br \/>\nPsychische St\u00f6rungen in der somatischen Rehabilitation.<\/b><br \/>\nBeitr\u00e4ge zur 28. Jahrestagung, Bonn: Deutscher Psychologen Verlag.<\/td>\n<\/tr>\n<tr>\n<td valign=\"top\"><strong>2008<\/strong><\/td>\n<td valign=\"top\">Arbeitskreis Klinische Psychologie in der Rehabilitation (BDP) (Hrsg.)<b><br \/>\nBelastung &#8211; Stress &#8211; Burnout: Therapie und Pr\u00e4vention.<\/b><br \/>\nBeitr\u00e4ge zur 27. Jahrestagung, Bonn: Deutscher Psychologen Verlag.<\/td>\n<\/tr>\n<tr>\n<td valign=\"top\"><strong>2007<\/strong><\/td>\n<td valign=\"top\">Arbeitskreis Klinische Psychologie in der Rehabilitation (BDP) (Hrsg.)<b><br \/>\nMotivierung zur Lebensstil\u00e4nderung.<\/b><br \/>\nBeitr\u00e4ge zur 26. Jahrestagung, Bonn: Deutscher Psychologen Verlag.<\/td>\n<\/tr>\n<tr>\n<td valign=\"top\"><strong>2006<\/strong><\/td>\n<td valign=\"top\">Arbeitskreis Klinische Psychologie in der Rehabilitation (BDP) (Hrsg.)<br \/>\n<strong> Reha-Psychologie im Wandel: R\u00fcckblick &#8211; \u00dcberblick &#8211; Ausblick<\/strong>.<br \/>\nBeitr\u00e4ge zur 25. Jahrestagung, Bonn: Deutscher Psychologen Verlag.<\/td>\n<\/tr>\n<tr>\n<td valign=\"top\"><strong>2005<\/strong><\/td>\n<td valign=\"top\">Arbeitskreis Klinische Psychologie in der Rehabilitation (BDP) (Hrsg.)<br \/>\n<strong> Psychologische Diagnostik &#8211; Weichenstellung f\u00fcr den Reha-Verlauf<\/strong>.<br \/>\nBeitr\u00e4ge zur 24. Jahrestagung, Bonn: Deutscher Psychologen Verlag.<\/td>\n<\/tr>\n<tr>\n<td valign=\"top\"><strong>2004<\/strong><\/td>\n<td valign=\"top\">Arbeitskreis Klinische Psychologie in der Rehabilitation (BDP) (Hrsg.)<br \/>\n<strong> Psychologische Gesundheitsf\u00f6rderung in der Rehabilitation.<\/strong><br \/>\nBeitr\u00e4ge zur 23. Jahrestagung, Bonn: Deutscher Psychologen Verlag.<\/td>\n<\/tr>\n<tr>\n<td valign=\"top\"><strong>2003<\/strong><\/td>\n<td valign=\"top\">Arbeitskreis Klinische Psychologie in der Rehabilitation (BDP) (Hrsg.)<b><br \/>\nRehabilitation und sozialer Kontext<\/b>.<br \/>\nPsychologische Konzepte f\u00fcr Klinik und Nachsorge,<br \/>\nBeitr\u00e4ge zur 22. Jahrestagung, Bonn: Deutscher Psychologen Verlag.<\/td>\n<\/tr>\n<tr>\n<td valign=\"top\"><strong>2002<\/strong><\/td>\n<td valign=\"top\">Arbeitskreis Klinische Psychologie in der Rehabilitation (BDP) (Hrsg.)<br \/>\n<b>Berufliche Belastungen und berufliche Reintegration &#8211; Herausforderung f\u00fcr die Reha-Psychologie. <\/b><br \/>\nBeitr\u00e4ge zur 21. Jahrestagung 2002. Bonn: Deutscher Psychologen Verlag.<\/td>\n<\/tr>\n<tr>\n<td valign=\"top\" width=\"10%\"><b>2001<\/b><\/td>\n<td valign=\"top\">Arbeitskreis Klinische Psychologie in der Rehabilitation (BDP) (Hrsg.)<br \/>\n<b>Motivation &#8211; Basis der Rehabilitation. <\/b><br \/>\nBeitr\u00e4ge zur 20. Jahrestagung 2001. Bonn: Deutscher Psychologen Verlag.<\/td>\n<\/tr>\n<tr>\n<td valign=\"top\"><b>2000<\/b><\/td>\n<td valign=\"top\">Arbeitskreis Klinische Psychologie in der Rehabilitation (BDP) (Hrsg.) (2001). <b><br \/>\nAnpassungst\u00f6rungen &#8211; Ver\u00e4nderungspotenziale.<\/b><br \/>\nBeitr\u00e4ge zur 19. Jahrestagung 2000. Bonn: Deutscher Psychologen Verlag.<\/td>\n<\/tr>\n<tr>\n<td valign=\"top\"><b>1999<\/b><\/td>\n<td valign=\"top\">Arbeitskreis Klinische Psychologie in der Rehabilitation (BDP) (Hrsg.) (2000). <b><br \/>\nKompetenz und Qualit\u00e4t Klinischer Psychologie in der Rehabilitation.<\/b><br \/>\nBeitr\u00e4ge zur 18. Jahrestagung 1999. Bonn: Deutscher Psychologen Verlag.<\/td>\n<\/tr>\n<tr>\n<td valign=\"top\"><b>1998<\/b><\/td>\n<td valign=\"top\">Arbeitskreis Klinische Psychologie in der Rehabilitation (BDP) (Hrsg.) (1999).<br \/>\n<b>Somatoforme St\u00f6rungen &#8211; Diagnostik und Therapie in der Rehabilitation. <\/b><br \/>\nBeitr\u00e4ge zur 17. Jahrestagung 1998. Bonn: Deutscher Psychologen Verlag.<\/td>\n<\/tr>\n<tr>\n<td valign=\"top\"><b>1997<\/b><\/td>\n<td valign=\"top\">B\u00fcrckst\u00fcmmer, E., Hoener, A., Keller, U. &amp; W\u00fcrthner, K. (Hrsg.) (1997).<br \/>\n<b>Rehabilitation &#8211; quo vadis.<\/b><br \/>\nRegensburg: Roderer Verlag.<\/td>\n<\/tr>\n<tr>\n<td valign=\"top\"><b>1996<\/b><\/td>\n<td valign=\"top\">B\u00fcrckst\u00fcmmer, E., Hoener, A., Keller, U. &amp; W\u00fcrthner, K. (Hrsg.) (1997).<br \/>\n<b>Psychologische Gruppenarbeit in der Rehabilitation.<\/b><br \/>\nRegensburg:Roderer Verlag.<\/td>\n<\/tr>\n<tr>\n<td valign=\"top\"><b>1995<\/b><\/td>\n<td valign=\"top\">B\u00fcrckst\u00fcmmer, E., Burmeister, J., Winkler, G. &amp; W\u00fcrthner, K. (Hrsg.) (1996).<br \/>\n<b>Angst und Depression. <\/b><br \/>\nRegensburg: Roderer Verlag.<\/td>\n<\/tr>\n<tr>\n<td valign=\"top\"><b>1994<\/b><\/td>\n<td valign=\"top\">B\u00fcrckst\u00fcmmer, E., Burmeister, J., Winkler, G. &amp; W\u00fcrthner, K. (Hrsg.) (1995).<br \/>\n<b>Psychotherapie in Rehabilitationskliniken.<\/b><br \/>\nRegensburg: Roderer Verlag<\/td>\n<\/tr>\n<tr>\n<td valign=\"top\"><b>1993<\/b><\/td>\n<td valign=\"top\">Verband Deutscher Rentenversicherungstr\u00e4ger (Hrsg.) (1993).<br \/>\n<b>Die Norm des Gesundseins &#8211; Lebensqualit\u00e4t und Kranksein.<\/b><br \/>\nTagungsbericht 1993.<br \/>\nBand 6: Klinische Psychologie in der Rehabilitationsklinik. Frankfurt, Selbstverlag.<\/td>\n<\/tr>\n<tr>\n<td valign=\"top\"><b>1992<\/b><\/td>\n<td valign=\"top\">Verband Deutscher Rentenversicherungstr\u00e4ger (Hrsg.) (1992).<br \/>\n<b>Modelle der Rehabilitation: Psychologischer und gesellschaftlicher Kontext.<\/b><br \/>\nTagungsbericht 1992.<br \/>\nBand 5: Klinische Psychologie in der Rehabilitationsklinik. Frankfurt, Selbstverlag.<\/td>\n<\/tr>\n<tr>\n<td valign=\"top\"><b>1991<\/b><\/td>\n<td valign=\"top\">Verband Deutscher Rentenversicherungstr\u00e4ger (Hrsg.) (1991).<br \/>\n<b>Psychologische Schmerzbehandlung.<\/b><br \/>\nTagungsbericht 1991.<br \/>\nBand 4: Klinische Psychologie in der Rehabilitationsklinik. Frankfurt, Selbstverlag.<\/td>\n<\/tr>\n<tr>\n<td valign=\"top\"><b>1990<\/b><\/td>\n<td valign=\"top\">Verband Deutscher Rentenversicherungstr\u00e4ger (Hrsg.) (1994).<br \/>\n<b>Psychoimmunologie und \u00dcberforderungssyndrom\/Stress.<\/b><br \/>\nTagungsbericht 1990. 2. korr. Auflage<br \/>\nBand 3: Klinische Psychologie in der Rehabilitationsklinik. Frankfurt, Selbstverlag.<\/td>\n<\/tr>\n<tr>\n<td valign=\"top\"><b>1988<\/b><\/td>\n<td valign=\"top\">Verband Deutscher Rentenversicherungstr\u00e4ger (Hrsg.) (1991).<br \/>\n<strong>Kl<\/strong><b>inische Psychologen und \u00c4rzte als Team in der Rehabilitationsklinik.<\/b><br \/>\nTagungsbericht 1988. 2. korr. Auflage<br \/>\nBand 2: Klinische Psychologie in der Rehabilitationsklinik. Frankfurt, Selbstverlag.<\/td>\n<\/tr>\n<tr>\n<td valign=\"top\"><b>1987<\/b><\/td>\n<td valign=\"top\">Verband Deutscher Rentenversicherungstr\u00e4ger (Hrsg.) (1991).<br \/>\n<b>Aufgabengebiete, Fachspezifische Kompetenzen und Erfolge psychologischer T\u00e4tigkeiten.<\/b> Tagungsbericht 1987. 3. korr. Auflage<br \/>\nBand 1: Klinische Psychologie in der Rehabilitationsklinik. Frankfurt, Selbstverlag.<\/td>\n<\/tr>\n<\/tbody>\n<\/table>\n","protected":false},"excerpt":{"rendered":"<p>Seit 1987 werden die Beitr\u00e4ge der Jahrestagungen ver\u00f6ffentlicht. Band 1 &#8211; 6 (1987-1993) sind zum Aktionspreis (zusammen 15 Euro, incl. Versand &#8211; Vorkasse per Verrechnungsscheck) zu beziehen \u00fcber Dipl.-Psych. Heiner Vogel, Institut f\u00fcr Psychotherapie und Medizinische Psychologie, Arbeitsbereich Rehabilitationswissenschaft, Universit\u00e4t &hellip; <a href=\"https:\/\/www.psychologie-aktuell.info\/reha\/mitgliederbereich\/ak-mitglieder\/tagungsbande\/\">Weiterlesen <span class=\"meta-nav\">&rarr;<\/span><\/a><\/p>\n","protected":false},"author":1,"featured_media":0,"parent":4468,"menu_order":14,"comment_status":"closed","ping_status":"closed","template":"","meta":{"footnotes":""},"class_list":["post-3972","page","type-page","status-publish","hentry"],"jetpack_shortlink":"https:\/\/wp.me\/P1fMVY-124","jetpack_sharing_enabled":true,"_links":{"self":[{"href":"https:\/\/www.psychologie-aktuell.info\/reha\/wp-json\/wp\/v2\/pages\/3972","targetHints":{"allow":["GET"]}}],"collection":[{"href":"https:\/\/www.psychologie-aktuell.info\/reha\/wp-json\/wp\/v2\/pages"}],"about":[{"href":"https:\/\/www.psychologie-aktuell.info\/reha\/wp-json\/wp\/v2\/types\/page"}],"author":[{"embeddable":true,"href":"https:\/\/www.psychologie-aktuell.info\/reha\/wp-json\/wp\/v2\/users\/1"}],"replies":[{"embeddable":true,"href":"https:\/\/www.psychologie-aktuell.info\/reha\/wp-json\/wp\/v2\/comments?post=3972"}],"version-history":[{"count":20,"href":"https:\/\/www.psychologie-aktuell.info\/reha\/wp-json\/wp\/v2\/pages\/3972\/revisions"}],"predecessor-version":[{"id":10029,"href":"https:\/\/www.psychologie-aktuell.info\/reha\/wp-json\/wp\/v2\/pages\/3972\/revisions\/10029"}],"up":[{"embeddable":true,"href":"https:\/\/www.psychologie-aktuell.info\/reha\/wp-json\/wp\/v2\/pages\/4468"}],"wp:attachment":[{"href":"https:\/\/www.psychologie-aktuell.info\/reha\/wp-json\/wp\/v2\/media?parent=3972"}],"curies":[{"name":"wp","href":"https:\/\/api.w.org\/{rel}","templated":true}]}}