{"id":885,"date":"2010-01-03T18:50:52","date_gmt":"2010-01-03T16:50:52","guid":{"rendered":"http:\/\/www.reha-psychologie.net\/reha\/?page_id=885"},"modified":"2014-07-28T12:29:38","modified_gmt":"2014-07-28T10:29:38","slug":"avm-seminar","status":"publish","type":"page","link":"https:\/\/www.psychologie-aktuell.info\/reha\/mitgliederbereich\/avm-seminar\/","title":{"rendered":"AVM-Seminar Reha"},"content":{"rendered":"<h2>Folien zum Seminar<\/h2>\n<ul>\n<li><a href=\"https:\/\/www.psychologie-aktuell.info\/reha\/wp-content\/uploads\/2010\/01\/Handout-00_-Zusammenstellung-relevanter-Inhalte-Seminar-Praevention-und-Rehabilitation.pdf\">Zusammenstellung relevanter Inhalte Seminar Pr\u00e4vention und Rehabilitation<\/a><\/li>\n<li><a href=\"https:\/\/www.psychologie-aktuell.info\/reha\/wp-content\/uploads\/2010\/01\/Handout-1_Seminar-Praevention.pdf\">Seminar Pr\u00e4vention<\/a><\/li>\n<li><a href=\"https:\/\/www.psychologie-aktuell.info\/reha\/wp-content\/uploads\/2010\/01\/Handout-3_Seminar-Rehabilitation.pdf\">Seminar Rehabilitation<\/a><\/li>\n<li><\/li>\n<li><a href=\"https:\/\/www.psychologie-aktuell.info\/reha\/wp-content\/uploads\/2010\/01\/Handout-4_Bewaeltigung-chronischer-Erkrankungen.pdf\">Bew\u00e4ltigung chronischer Erkrankungen<\/a><\/li>\n<li><a href=\"https:\/\/www.psychologie-aktuell.info\/reha\/wp-content\/uploads\/2010\/01\/Handout-5_Burn-out.pdf\">Burn-out &#8211; Risiken und Pr\u00e4vention<\/a><\/li>\n<li><a href=\"https:\/\/www.psychologie-aktuell.info\/reha\/wp-content\/uploads\/2010\/01\/vortrag_stress.pdf\">Vortrag Stress<\/a><\/li>\n<\/ul>\n<h3>Material zum Seminar<\/h3>\n<ul>\n<li>[download id=&#8220;13347&#8243;]<\/li>\n<li>[download id=&#8220;13349&#8243;]<\/li>\n<li>[download id=&#8220;13351&#8243;]<\/li>\n<\/ul>\n<p>&nbsp;<\/p>\n<h2>Artikel und Literatur<\/h2>\n<h3>\u00a0Aktuelle Zahlen\/Statistiken<\/h3>\n<ul>\n<li>[download id=&#8220;13341&#8243;]<\/li>\n<li>[download id=&#8220;13343&#8243;]<\/li>\n<li>[download id=&#8220;13345&#8243;]<\/li>\n<\/ul>\n<h3>Thema Rehabilitation und Pr\u00e4vention<\/h3>\n<ul>\n<li><a href=\"https:\/\/www.psychologie-aktuell.info\/reha\/wp-content\/uploads\/2010\/01\/literatur_koch_buschmann-steinhage_pdf.pdf\" target=\"_blank\">Koch &amp; Buschmann-Steinhage: Zum Verst\u00e4ndnis und zu den Voraussetzungen der Rehabilitationswissenschaften in Deutschland<\/a><\/li>\n<\/ul>\n<ul>\n<li><a href=\"https:\/\/www.psychologie-aktuell.info\/reha\/wp-content\/uploads\/2010\/01\/VogelK-260204.pdf\" target=\"_blank\">Vogel: Medizinische und psychosoziale Versorgungssysteme<\/a><\/li>\n<\/ul>\n<ul>\n<li><a href=\"https:\/\/www.psychologie-aktuell.info\/reha\/wp-content\/uploads\/2010\/01\/bengel_helmes_rehabilitation.pdf\" target=\"_blank\">Bengel &amp; Helmes: Rehabilitation<\/a><\/li>\n<\/ul>\n<ul>\n<li><a href=\"https:\/\/www.psychologie-aktuell.info\/reha\/wp-content\/uploads\/2010\/01\/praevention_und_rehabilitation.pdf\" target=\"_blank\">Kosarz &amp; Broda: Pr\u00e4vention und Rehabilitation<\/a><\/li>\n<\/ul>\n<ul>\n<li><a href=\"https:\/\/www.psychologie-aktuell.info\/reha\/wp-content\/uploads\/2010\/01\/nuebling_rehabilitation_mhp_2006.pdf\" target=\"_blank\">N\u00fcbling: Rehabilitation &#8211; Unter besonderer Ber\u00fccksichtigung psychischer und psychosomatischer Erkrankungen<\/a><\/li>\n<\/ul>\n<p>Thema Psychotherapie<\/p>\n<ul>\n<li><a href=\"https:\/\/www.psychologie-aktuell.info\/reha\/wp-content\/uploads\/2010\/01\/Arbeitsbelastung-und-Lebenszufriedenheit-von-Psychotherapeuten.pdf\">Arbeitsbelastung und Lebenszufriedenheit von Psychotherapeuten<\/a><\/li>\n<li><a href=\"https:\/\/www.psychologie-aktuell.info\/reha\/wp-content\/uploads\/2010\/01\/Berufsrisiko_Psychotherapie.pdf\" target=\"_blank\">Berufsrisiko Psychotherapie<\/a><\/li>\n<\/ul>\n<h2>Brosch\u00fcren der Deutschen Rentenversicherung Bund<\/h2>\n<h3>Allgemeine Info-Brosch\u00fcren<\/h3>\n<ul>\n<li><a href=\"https:\/\/www.psychologie-aktuell.info\/reha\/wp-content\/uploads\/2010\/01\/med_reha_wie_sie_ihnen_hilft.pdf\" target=\"_blank\">Medizinische Rehabilitation: Wie sie Ihnen hilft<\/a><\/li>\n<\/ul>\n<ul>\n<li><a href=\"https:\/\/www.psychologie-aktuell.info\/reha\/wp-content\/uploads\/2010\/01\/mit_reha_fit_fuer_den_job.pdf\" target=\"_blank\">Mit Rehabilitation wieder fit f\u00fcr den Job<\/a><\/li>\n<\/ul>\n<ul>\n<li><a href=\"https:\/\/www.psychologie-aktuell.info\/reha\/wp-content\/uploads\/2010\/01\/reha_und_rente_schwerbehinderte_menschen.pdf\" target=\"_blank\">Reha und Rente f\u00fcr schwerbehinderte Menschen<\/a><\/li>\n<\/ul>\n<ul>\n<li><a href=\"https:\/\/www.psychologie-aktuell.info\/reha\/wp-content\/uploads\/2010\/01\/rehabilitation_fuer_kinder.pdf\" target=\"_blank\">Rehabilitation f\u00fcr Kinder<\/a><\/li>\n<\/ul>\n<ul>\n<li><a href=\"https:\/\/www.psychologie-aktuell.info\/reha\/wp-content\/uploads\/2010\/01\/rehabilitation_nach_tumorerkrankungen.pdf\" target=\"_blank\">Rehabilitation nach Tumorerkrankungen<\/a><\/li>\n<\/ul>\n<ul>\n<li><a href=\"https:\/\/www.psychologie-aktuell.info\/reha\/wp-content\/uploads\/2010\/01\/von_altersgrenze_zeitrente.pdf\" target=\"_blank\">Von Altersgrenze bis Zeitrente &#8211; das Rentenlexikon<\/a><\/li>\n<\/ul>\n<h3>Serviceangebote DRV<\/h3>\n<ul>\n<li><a href=\"https:\/\/www.psychologie-aktuell.info\/reha\/wp-content\/uploads\/2010\/01\/wir_sind_fuer_sie_da_norden.pdf\" target=\"_blank\">Wir sind f\u00fcr Sie da &#8211; unser Angebot im Norden<\/a><\/li>\n<\/ul>\n<ul>\n<li><a href=\"https:\/\/www.psychologie-aktuell.info\/reha\/wp-content\/uploads\/2010\/01\/wir_sind_fuer_sie_da_osten.pdf\" target=\"_blank\">Wir sind f\u00fcr Sie da &#8211; unser Angebot im Osten<\/a><\/li>\n<\/ul>\n<ul>\n<li><a href=\"https:\/\/www.psychologie-aktuell.info\/reha\/wp-content\/uploads\/2010\/01\/wir_sind_fuer_sie_da_westen.pdf\" target=\"_blank\">Wir sind f\u00fcr Sie da &#8211; unser Angebot im Westen<\/a><\/li>\n<\/ul>\n<ul>\n<li><a href=\"https:\/\/www.psychologie-aktuell.info\/reha\/wp-content\/uploads\/2010\/01\/wir_sind_fuer_sie_da_sueden.pdf\" target=\"_blank\">Wir sind f\u00fcr Sie da &#8211; unser Angebot im S\u00fcden<\/a><\/li>\n<\/ul>\n<ul>\n<li><a href=\"https:\/\/www.psychologie-aktuell.info\/reha\/wp-content\/uploads\/2010\/01\/wir_sind_fuer_sie_da_suedwesten.pdf\" target=\"_blank\">Wir sind f\u00fcr Sie da &#8211; unser Angebot im S\u00fcdwesten<\/a><\/li>\n<\/ul>\n<h3>Reha-Therapiestandards der DRV Bund<\/h3>\n<ul>\n<li><a href=\"https:\/\/www.psychologie-aktuell.info\/reha\/wp-content\/uploads\/2010\/01\/ll_alkohol_download.pdf\" target=\"_blank\">Alkohol<\/a> &#8211; Pilotversion<\/li>\n<\/ul>\n<ul>\n<li><a href=\"https:\/\/www.psychologie-aktuell.info\/reha\/wp-content\/uploads\/2010\/01\/ll_brustkrebs_download.pdf\" target=\"_blank\">Brustkrebs<\/a><\/li>\n<\/ul>\n<ul>\n<li><a href=\"https:\/\/www.psychologie-aktuell.info\/reha\/wp-content\/uploads\/2010\/01\/ll_diabetes_download.pdf\" target=\"_blank\">Diabetes<\/a><\/li>\n<\/ul>\n<ul>\n<li><a href=\"https:\/\/www.psychologie-aktuell.info\/reha\/wp-content\/uploads\/2010\/01\/ll_khk_download.pdf\" target=\"_blank\">KHK<\/a><\/li>\n<\/ul>\n<ul>\n<li><a href=\"https:\/\/www.psychologie-aktuell.info\/reha\/wp-content\/uploads\/2010\/01\/ll_rueckenschmerz_download.pdf\" target=\"_blank\">R\u00fcckenschmerz<\/a><\/li>\n<\/ul>\n<ul>\n<li><a href=\"https:\/\/www.psychologie-aktuell.info\/reha\/wp-content\/uploads\/2010\/01\/ll_schlaganfall_download.pdf\" target=\"_blank\">Schlaganfall<\/a> &#8211; Pilotversion<\/li>\n<\/ul>\n<ul>\n<li><a href=\"https:\/\/www.psychologie-aktuell.info\/reha\/wp-content\/uploads\/2010\/01\/ll_tep_download.pdf\" target=\"_blank\">TEP<\/a> &#8211; Pilotversion<\/li>\n<\/ul>\n<h3>Statistische Daten Rentenversicherung<\/h3>\n<ul>\n<li><a href=\"https:\/\/www.psychologie-aktuell.info\/reha\/wp-content\/uploads\/2010\/01\/wo_finde_ich_zahlen_zur_rv.pdf\" target=\"_blank\">Wo finde ich Zahlen zur Rentenversicherung?<\/a><\/li>\n<\/ul>\n<ul>\n<li><a href=\"https:\/\/www.psychologie-aktuell.info\/reha\/wp-content\/uploads\/2010\/01\/jahresbericht_2008.pdf\" target=\"_blank\">DRV Bund &#8211; Jahresbericht 2008<\/a><\/li>\n<\/ul>\n<ul>\n<li><a href=\"https:\/\/www.psychologie-aktuell.info\/reha\/wp-content\/uploads\/2010\/01\/rv_in_zahlen_2009_pdf.pdf\">DRV Bund &#8211; Aktuelle Daten 2009<\/a><\/li>\n<\/ul>\n<h2>Manuale<\/h2>\n<ul>\n<li><a href=\"ftp:\/\/www.psychologie-aktuell.info\/reha\/wp-content\/uploads\/2010\/01\/ktl_2007_pdf.pdf\" target=\"_blank\">Klassifikation Therapeutischer Leistungen Ausgabe 2007<\/a><\/li>\n<\/ul>\n<ul>\n<li><a title=\"Leitlinien f\u00fcr die sozialmedizinische Beurteilung psychischer St\u00f6rungen Dez. 2006\" href=\"https:\/\/www.psychologie-aktuell.info\/reha\/wp-content\/uploads\/2010\/01\/empfehlung_psychische_stoerungen_2006.pdf\" target=\"_blank\">Leitlinien f\u00fcr die sozialmedizinische Beurteilung psychischer St\u00f6rungen Dez. 2006<\/a><\/li>\n<\/ul>\n<ul>\n<li><a href=\"https:\/\/www.psychologie-aktuell.info\/reha\/wp-content\/uploads\/2010\/01\/Manual-GSA-Gesundheitstraining-Stressbewaeltigung-am-Arbeitsplatz.pdf\" target=\"_blank\">Stressbew\u00e4ltigung am Arbeitsplatz<\/a><\/li>\n<\/ul>\n<h2>Brosch\u00fcren der Krebsliga Schweiz<\/h2>\n<ul>\n<li><a href=\"https:\/\/www.psychologie-aktuell.info\/reha\/wp-content\/uploads\/2010\/01\/Krebs-trifft-auch-die-Naechsten.pdf\" target=\"_blank\">Krebs trifft auch den N\u00e4chsten<\/a><\/li>\n<\/ul>\n<ul>\n<li><a href=\"https:\/\/www.psychologie-aktuell.info\/reha\/wp-content\/uploads\/2010\/01\/Mit-Kindern-ueber-Krebs-reden.pdf\" target=\"_blank\">Mit Kindern \u00fcber Krebs reden<\/a><\/li>\n<\/ul>\n<ul>\n<li><a href=\"https:\/\/www.psychologie-aktuell.info\/reha\/wp-content\/uploads\/2010\/01\/Maennliche-Sexualitaet-bei-Krebs.pdf\" target=\"_blank\">M\u00e4nnliche Sexualit\u00e4t bei Krebs<\/a><\/li>\n<\/ul>\n<ul>\n<li><a href=\"https:\/\/www.psychologie-aktuell.info\/reha\/wp-content\/uploads\/2010\/01\/Weibliche-Sexualitaet-bei-Krebs.pdf\" target=\"_blank\">Weibliche Sexualit\u00e4t bei Krebs<\/a><\/li>\n<\/ul>\n<ul>\n<li><a href=\"https:\/\/www.psychologie-aktuell.info\/reha\/wp-content\/uploads\/2010\/01\/Risiko-Brustkrebs.pdf\" target=\"_blank\">Risiko Brustkrebs<\/a><\/li>\n<\/ul>\n<ul>\n<li><a href=\"https:\/\/www.psychologie-aktuell.info\/reha\/wp-content\/uploads\/2010\/01\/Zurueck-in-den-Alltag-Leben-mit-Brustkrebs.pdf\" target=\"_blank\">Zur\u00fcck in den Alltag &#8211; Leben mit Brustkrebs<\/a><\/li>\n<\/ul>\n<h2>Gesetzestexte<\/h2>\n<ul>\n<li><a href=\"https:\/\/www.psychologie-aktuell.info\/reha\/wp-content\/uploads\/2010\/01\/sgb_IX.pdf\" target=\"_blank\">SGB IX<\/a><\/li>\n<\/ul>\n<h2>Screening<\/h2>\n<p>Testverfahren zum Screening auf psychische Belastungen und St\u00f6rungen<\/p>\n<ul>\n<li><a href=\"http:\/\/www.testzentrale.de\/?mod=detail&amp;bestnr=0306901\" target=\"_blank\">HADS-D<\/a> Hospital Anxiety and Depression Scale &#8212; Deutsche Version<\/li>\n<li>Gesundheitsfragebogen f\u00fcr Patienten (<a href=\"http:\/\/www.klinikum.uni-heidelberg.de\/index.php?id=6274\" target=\"_blank\">PHQ-D<\/a>)<\/li>\n<\/ul>\n<h2>Links<\/h2>\n<ul>\n<li><a href=\"http:\/\/www.deutsche-rentenversicherung.de\/SharedDocs\/de\/Navigation\/Service\/Zielgruppen\/Sozialmedizin_Forschung\/sozialmedizin\/fortbildung\/2011_fortbildung_sozmed_reha_node.html\" target=\"_blank\">Weiterbildungsangebote DRV-Bund (sozialmed. Beurteilung, Sucht, ICF)<\/a><\/li>\n<li><a href=\"http:\/\/www.forum-gesundheitspolitik.de\/index.htm\" target=\"_blank\">Forum Gesundheitspolitik <\/a>&#8211; Daten und Infos<\/li>\n<li><a href=\"http:\/\/www.gbe-bund.de\/gbe10\/pkg_isgbe5.prc_isgbe?p_uid=gastg&amp;p_aid=66916204&amp;p_sprache=D\" target=\"_blank\">Gesundheitsberichterstattung<\/a> des Bundes<\/li>\n<li><a href=\"http:\/\/www.deutsche-rentenversicherung-bund.de\/SharedDocs\/de\/Inhalt\/Zielgruppen\/01_sozialmedizin_forschung\/05_konzepte_systemfragen\/konzepte\/gesheitsbildgsprogramm_indik_uebergreifend.html?nn=37110\" target=\"_blank\">Indikations\u00fcbergreifende Gesundheitsbildung &#8222;Aktiv Gesundheit f\u00f6rdern&#8220;<\/a> &#8211; Programm und Arbeitsmaterialien<\/li>\n<li><a href=\"http:\/\/www.deutsche-rentenversicherung-bund.de\/DRVB\/de\/Inhalt\/Zielgruppen\/Infos_fuer_Rehaeinrichtungen\/dateianhaenge\/rehakonzept_vortraege_gesundheitstraining.html?nn=37110\" target=\"_blank\">Gesundheitstraining in der medizinischen Rehabilitation <\/a>&#8211; Programm und Arbeitsmaterialien<\/li>\n<li>Zentrum Patientenschulung &#8211; <a href=\"http:\/\/www.zentrum-patientenschulung.de\/datenbank\/ausgabe.php\" target=\"_blank\">gelistete Schulungsprogramme<\/a><\/li>\n<li>Hans-B\u00f6ckler-Stiftung &#8211; Zahlen und Informationen zu Arbeit, Gesellschaft und Gesundheit<\/li>\n<li><a href=\"http:\/\/www.bvpraevention.de\/cms\/index.asp?bvpg\" target=\"_blank\">Bundesvereinigung Pr\u00e4vention und Gesundheitsf\u00f6rderung e.V.<\/a><\/li>\n<\/ul>\n<h3>Medien<\/h3>\n<h4>Filme<\/h4>\n<ul>\n<li><a href=\"http:\/\/www.brustkrebszentrale.de\/filme.html\" target=\"_blank\">Brustkrebszentrale: Durch die Brust ins Herz<\/a><\/li>\n<li><a href=\"http:\/\/www.frauenselbsthilfe.de\/was-wir-tun\/projekte-und-kooperationen\/barmer-dvd\/online-video.html\" target=\"_blank\">Frauenselbsthilfe nach Krebs<\/a><\/li>\n<li><a href=\"http:\/\/www.bzga-avmedien.de\/\" target=\"_blank\">Bundeszentrale f\u00fcr Gesundheitliche Aufkl\u00e4rung<\/a><\/li>\n<\/ul>\n","protected":false},"excerpt":{"rendered":"<p>Folien zum Seminar Zusammenstellung relevanter Inhalte Seminar Pr\u00e4vention und Rehabilitation Seminar Pr\u00e4vention Seminar Rehabilitation Bew\u00e4ltigung chronischer Erkrankungen Burn-out &#8211; Risiken und Pr\u00e4vention Vortrag Stress Material zum Seminar [download id=&#8220;13347&#8243;] [download id=&#8220;13349&#8243;] [download id=&#8220;13351&#8243;] &nbsp; Artikel und Literatur \u00a0Aktuelle Zahlen\/Statistiken [download &hellip; <a href=\"https:\/\/www.psychologie-aktuell.info\/reha\/mitgliederbereich\/avm-seminar\/\">Weiterlesen <span class=\"meta-nav\">&rarr;<\/span><\/a><\/p>\n","protected":false},"author":1,"featured_media":0,"parent":889,"menu_order":21,"comment_status":"closed","ping_status":"closed","template":"","meta":{"footnotes":""},"class_list":["post-885","page","type-page","status-publish","hentry"],"jetpack_shortlink":"https:\/\/wp.me\/P1fMVY-eh","jetpack_sharing_enabled":true,"_links":{"self":[{"href":"https:\/\/www.psychologie-aktuell.info\/reha\/wp-json\/wp\/v2\/pages\/885","targetHints":{"allow":["GET"]}}],"collection":[{"href":"https:\/\/www.psychologie-aktuell.info\/reha\/wp-json\/wp\/v2\/pages"}],"about":[{"href":"https:\/\/www.psychologie-aktuell.info\/reha\/wp-json\/wp\/v2\/types\/page"}],"author":[{"embeddable":true,"href":"https:\/\/www.psychologie-aktuell.info\/reha\/wp-json\/wp\/v2\/users\/1"}],"replies":[{"embeddable":true,"href":"https:\/\/www.psychologie-aktuell.info\/reha\/wp-json\/wp\/v2\/comments?post=885"}],"version-history":[{"count":4,"href":"https:\/\/www.psychologie-aktuell.info\/reha\/wp-json\/wp\/v2\/pages\/885\/revisions"}],"predecessor-version":[{"id":8567,"href":"https:\/\/www.psychologie-aktuell.info\/reha\/wp-json\/wp\/v2\/pages\/885\/revisions\/8567"}],"up":[{"embeddable":true,"href":"https:\/\/www.psychologie-aktuell.info\/reha\/wp-json\/wp\/v2\/pages\/889"}],"wp:attachment":[{"href":"https:\/\/www.psychologie-aktuell.info\/reha\/wp-json\/wp\/v2\/media?parent=885"}],"curies":[{"name":"wp","href":"https:\/\/api.w.org\/{rel}","templated":true}]}}