{"id":889,"date":"2010-01-03T19:31:07","date_gmt":"2010-01-03T17:31:07","guid":{"rendered":"http:\/\/www.reha-psychologie.net\/reha\/?page_id=889"},"modified":"2013-01-11T18:35:41","modified_gmt":"2013-01-11T17:35:41","slug":"mitgliederbereich","status":"publish","type":"page","link":"https:\/\/www.psychologie-aktuell.info\/reha\/mitgliederbereich\/","title":{"rendered":"Mitgliederbereich"},"content":{"rendered":"<p><a href=\"https:\/\/www.psychologie-aktuell.info\/reha\/wp-content\/uploads\/2010\/01\/members_only.jpg\"><img loading=\"lazy\" decoding=\"async\" class=\"aligncenter size-full wp-image-4412\" title=\"members_only\" alt=\"\" src=\"https:\/\/www.psychologie-aktuell.info\/reha\/wp-content\/uploads\/2010\/01\/members_only.jpg\" width=\"290\" height=\"200\" \/><\/a>Die Seiten im Mitgliederbereich sind nur f\u00fcr spezielle User und deshalb nur nach Anmeldung zug\u00e4nglich &#8211; wir bitten um Verst\u00e4ndnis.<\/p>\n<p>Bitte tragen Sie die Anmeldedaten (Benutzername, Passwort) im rechten Men\u00fcbereich in die entsprechenden Felder ein. Danach werden die freigegebenen Inhalte f\u00fcr diese User-Gruppe angezeigt.<\/p>\n<p>Die <strong>Handouts der Vortr\u00e4ge<\/strong> der Jahrestagungen k\u00f6nnen in der Regel auch nur dann heruntergeladen werden, wenn Sie innerhalb einer der u.g. Usergruppen angemeldet sind.<\/p>\n<ol>\n<li><a title=\"AK-Mitglieder\" href=\"https:\/\/www.psychologie-aktuell.info\/reha\/mitgliederbereich\/ak-mitglieder\/\"><strong>AK-Mitglieder:<\/strong><\/a> Mitglieder des AK-Klinische Psychologie in der Rehabilitation sowie alle Teilnehmer einer beliebigen Jahrestagung des AK<\/li>\n<li><strong>AVM-Seminar Pr\u00e4vention &amp; Rehabilitation: <\/strong>Teilnehmer des entsprechenden Seminars der AVM Bamberg<\/li>\n<li><strong>Ltd. Psychologe\/in:<\/strong> Seite f\u00fcr Kollegen in Leitungsfunktion mit entspr. Materialien<\/li>\n<\/ol>\n<p>Sie m\u00f6chten die Zugangsdaten zu den entsprechenden Bereichen?<br \/>\nBitte senden Sie mir einfach eine Mail mit der Begr\u00fcndung f\u00fcr Ihre Zugangsberechtigung zu den entsprechenden Seiten.<\/p>\n<p>&nbsp;<\/p>\n<p>&nbsp;<\/p>\n<p>&nbsp;<\/p>\n","protected":false},"excerpt":{"rendered":"<p>Die Seiten im Mitgliederbereich sind nur f\u00fcr spezielle User und deshalb nur nach Anmeldung zug\u00e4nglich &#8211; wir bitten um Verst\u00e4ndnis. Bitte tragen Sie die Anmeldedaten (Benutzername, Passwort) im rechten Men\u00fcbereich in die entsprechenden Felder ein. Danach werden die freigegebenen Inhalte &hellip; <a href=\"https:\/\/www.psychologie-aktuell.info\/reha\/mitgliederbereich\/\">Weiterlesen <span class=\"meta-nav\">&rarr;<\/span><\/a><\/p>\n","protected":false},"author":1,"featured_media":0,"parent":0,"menu_order":19,"comment_status":"closed","ping_status":"closed","template":"","meta":{"footnotes":""},"class_list":["post-889","page","type-page","status-publish","hentry"],"jetpack_shortlink":"https:\/\/wp.me\/P1fMVY-el","jetpack_sharing_enabled":true,"_links":{"self":[{"href":"https:\/\/www.psychologie-aktuell.info\/reha\/wp-json\/wp\/v2\/pages\/889","targetHints":{"allow":["GET"]}}],"collection":[{"href":"https:\/\/www.psychologie-aktuell.info\/reha\/wp-json\/wp\/v2\/pages"}],"about":[{"href":"https:\/\/www.psychologie-aktuell.info\/reha\/wp-json\/wp\/v2\/types\/page"}],"author":[{"embeddable":true,"href":"https:\/\/www.psychologie-aktuell.info\/reha\/wp-json\/wp\/v2\/users\/1"}],"replies":[{"embeddable":true,"href":"https:\/\/www.psychologie-aktuell.info\/reha\/wp-json\/wp\/v2\/comments?post=889"}],"version-history":[{"count":3,"href":"https:\/\/www.psychologie-aktuell.info\/reha\/wp-json\/wp\/v2\/pages\/889\/revisions"}],"predecessor-version":[{"id":14084,"href":"https:\/\/www.psychologie-aktuell.info\/reha\/wp-json\/wp\/v2\/pages\/889\/revisions\/14084"}],"wp:attachment":[{"href":"https:\/\/www.psychologie-aktuell.info\/reha\/wp-json\/wp\/v2\/media?parent=889"}],"curies":[{"name":"wp","href":"https:\/\/api.w.org\/{rel}","templated":true}]}}