{"id":8896,"date":"2014-09-30T19:17:06","date_gmt":"2014-09-30T17:17:06","guid":{"rendered":"http:\/\/www.psychologie-aktuell.info\/reha\/?page_id=8896"},"modified":"2016-12-06T17:58:50","modified_gmt":"2016-12-06T16:58:50","slug":"jahrestagung-2016","status":"publish","type":"page","link":"https:\/\/www.psychologie-aktuell.info\/reha\/ak-reha\/jahrestagungen\/jahrestagung-2016\/","title":{"rendered":"JT 2016"},"content":{"rendered":"<p>Die <strong>35. Jahrestagung <\/strong>hat unter dem Tagungsthema<\/p>\n<h4><strong>Rehabilitation \u2013 Balance zwischen m\u00fcssen und wollen <\/strong><\/h4>\n<p><strong>vom 28.-30. Oktober 2016 <\/strong>im <strong><a href=\"http:\/\/www.bz-erkner.com\" target=\"_blank\">Bildungszentrum Erkner<\/a> <\/strong>in der N\u00e4he von Berlin stattgefunden.<\/p>\n<p><a href=\"https:\/\/www.psychologie-aktuell.info\/reha\/wp-content\/uploads\/2014\/09\/FG2-35.JT2016_Einladung-Onlineversion.pdf\">Einladung Jahrestagung 2016<\/a><\/p>\n<p><a href=\"https:\/\/www.psychologie-aktuell.info\/reha\/wp-content\/uploads\/2014\/09\/FG2-35.-JT-Reha2016-Programmflyer.pdf\">Programmflyer Jahrestagung 2016<\/a><br \/>\n<a href=\"https:\/\/www.psychologie-aktuell.info\/reha\/wp-content\/uploads\/2014\/09\/FG2-WS-Abstracts_35.JT2016-Versandversion.pdf\">Abstracts Workshops 2016<\/a><br \/>\nAnmeldung Jahrestagung<br \/>\nZimmerreservierung BZ Erkner 2016<br \/>\nAnreisetipps und Veranstaltungsticket DB ab 2016<br \/>\n&nbsp;<br \/>\n<strong><span style=\"color: #008000;\">Die Folien der Vortr\u00e4ge sind <span style=\"color: #ff0000;\">erst teilweise <\/span>online und k\u00f6nnen von <span style=\"color: #ff0000;\">nur von angemeldeten<\/span> Mitgliedern heruntergeladen werden \u2013 bitte melden Sie sich zuerst an, bevor Sie die Folien herunterladen.<\/span><br \/>\n<\/strong><\/p>\n<p><span style=\"color: #993300;\"><strong>Vortr\u00e4ge<\/strong><\/span><br \/>\n<del><strong>Schritt f\u00fcr Schritt.Systemisch-L\u00f6sungsorientierte Konzepte zur Gestaltung kurztherapeutischer Gespr\u00e4che<\/strong> &#8211; Mathias Klasen<\/del> Vortrag ist wegen Krankheit ausgefallen<\/p>\n<p><strong>Darf es ein bisschen mehr sein? Sexualit\u00e4t zwischen M\u00fcssen und Wollen<\/strong> &#8211; Monika Christoff -&gt; [download id=&#8220;13676&#8243;]<\/p>\n<p><strong>Patientenorientierte Konzepte und Didaktik in der Patientenschulung<\/strong> &#8211; Roland K\u00fcffner -&gt; [download id=&#8220;13666&#8243;]<\/p>\n<p><strong>Bedeutung der Medikalisierung psychosozialer Prozesse f\u00fcr die Rehabilitation<\/strong> &#8211; PD Dr. Ralf Dohrenbusch<\/p>\n<p><strong>Selbstmitgef\u00fchl \u2013 eine sinnstiftende Alternative zum Selbstwert?<\/strong> &#8211; Christel von Scheidt -&gt; [download id=&#8220;13668&#8243;]<\/p>\n<p><strong>Erfahrungen mit dem Fachaustausch Psychologie der DRV Bund<\/strong> &#8211; Dr. Ulrike Worringen<\/p>\n<p><strong>Anpassungsst\u00f6rung \u2013 ein Konfliktpotenzial im Rehaprozess<\/strong> &#8211; Prof. Dr. Konrad Reschke<\/p>\n<p><strong>Adipositasbehandlung in der Reha \u2013 Chance oder Sisyphus-Aufgabe?<\/strong> &#8211; Dr. Rudolf Schulte -&gt; [download id=&#8220;13664&#8243;]<\/p>\n<p><strong>Was \u00e4ndert sich durch die neuen Reha-Therapiestandards f\u00fcr die Psychologie in der Reha-Klinik?<\/strong> &#8211; PD Dr. Heiner Vogel -&gt; [download id=&#8220;13674&#8243;]<\/p>\n<p><strong>Screening und Diagnostik im Rahmen von VMO und MBOR in der somatischen Rehabilitation<\/strong> &#8211; Dr. Dieter K\u00fcch<br \/>\n&nbsp;<\/p>\n<p><span style=\"color: #993300;\"><strong>Workshops<\/strong><\/span><\/p>\n<p><span class=\"fontstyle0\"><strong>Stressbew\u00e4ltigung im Kontext der Rehabilitation<\/strong> &#8211; <\/span><span class=\"fontstyle0\">Sarah Neubauer -&gt;&nbsp;[download id=&#8220;13672&#8243;]<\/span><\/p>\n<p><span style=\"color: #993300;\"><strong>Mitgliederversammlung<\/strong><\/span><\/p>\n<p>&nbsp;<\/p>\n","protected":false},"excerpt":{"rendered":"<p>Die 35. Jahrestagung hat unter dem Tagungsthema Rehabilitation \u2013 Balance zwischen m\u00fcssen und wollen vom 28.-30. Oktober 2016 im Bildungszentrum Erkner in der N\u00e4he von Berlin stattgefunden. Einladung Jahrestagung 2016 Programmflyer Jahrestagung 2016 Abstracts Workshops 2016 Anmeldung Jahrestagung Zimmerreservierung BZ &hellip; <a href=\"https:\/\/www.psychologie-aktuell.info\/reha\/ak-reha\/jahrestagungen\/jahrestagung-2016\/\">Weiterlesen <span class=\"meta-nav\">&rarr;<\/span><\/a><\/p>\n","protected":false},"author":1,"featured_media":0,"parent":2688,"menu_order":10,"comment_status":"closed","ping_status":"closed","template":"","meta":{"footnotes":""},"class_list":["post-8896","page","type-page","status-publish","hentry"],"jetpack_shortlink":"https:\/\/wp.me\/P1fMVY-2ju","jetpack_sharing_enabled":true,"_links":{"self":[{"href":"https:\/\/www.psychologie-aktuell.info\/reha\/wp-json\/wp\/v2\/pages\/8896","targetHints":{"allow":["GET"]}}],"collection":[{"href":"https:\/\/www.psychologie-aktuell.info\/reha\/wp-json\/wp\/v2\/pages"}],"about":[{"href":"https:\/\/www.psychologie-aktuell.info\/reha\/wp-json\/wp\/v2\/types\/page"}],"author":[{"embeddable":true,"href":"https:\/\/www.psychologie-aktuell.info\/reha\/wp-json\/wp\/v2\/users\/1"}],"replies":[{"embeddable":true,"href":"https:\/\/www.psychologie-aktuell.info\/reha\/wp-json\/wp\/v2\/comments?post=8896"}],"version-history":[{"count":20,"href":"https:\/\/www.psychologie-aktuell.info\/reha\/wp-json\/wp\/v2\/pages\/8896\/revisions"}],"predecessor-version":[{"id":11940,"href":"https:\/\/www.psychologie-aktuell.info\/reha\/wp-json\/wp\/v2\/pages\/8896\/revisions\/11940"}],"up":[{"embeddable":true,"href":"https:\/\/www.psychologie-aktuell.info\/reha\/wp-json\/wp\/v2\/pages\/2688"}],"wp:attachment":[{"href":"https:\/\/www.psychologie-aktuell.info\/reha\/wp-json\/wp\/v2\/media?parent=8896"}],"curies":[{"name":"wp","href":"https:\/\/api.w.org\/{rel}","templated":true}]}}